{"id":979,"date":"2021-02-08T14:25:54","date_gmt":"2021-02-08T14:25:54","guid":{"rendered":"https:\/\/dev.lm-studio.co.il\/canacado-wp\/?page_id=979"},"modified":"2021-04-06T16:28:48","modified_gmt":"2021-04-06T16:28:48","slug":"la-pepiniere","status":"publish","type":"page","link":"https:\/\/canacado.com\/fr\/la-pepiniere\/","title":{"rendered":"La p\u00e9pini\u00e8re"},"content":{"rendered":"<h2>Faites connaissance avec la p\u00e9pini\u00e8re Haskelberg<\/h2> <p>la p\u00e9pini\u00e8re la plus ancienne et la plus grande en Isra\u00ebl, sp\u00e9cialis\u00e9e dans les arbres fruitiers.<\/p> <p><iframe loading=\"lazy\" title=\"YouTube video player\" src=\"https:\/\/www.youtube.com\/embed\/vbOWAYeGM5k\" width=\"560\" height=\"315\" frameborder=\"0\" allowfullscreen=\"allowfullscreen\"><\/iframe><\/p> <h2>Histoire de la p\u00e9pini\u00e8re<\/h2> <p>La p\u00e9pini\u00e8re d&rsquo;arbres fruitiers Haskelberg a \u00e9t\u00e9 fond\u00e9e en 1974 par l&rsquo;agronome Avisha\u00ef Haskelberg. La p\u00e9pini\u00e8re, qui couvre 12 hectares dans le Moshav Kfar Vitkin, produit plus de 200 vari\u00e9t\u00e9s d&rsquo;arbres fruitiers pour le march\u00e9 local et international.<\/p> <p>&nbsp;<\/p> <h2><strong>Domaines de production de la p\u00e9pini\u00e8re :<\/strong><\/h2> <p><strong>Plants d&rsquo;avocatiers pour vergers<\/strong><\/p> <p>Nous fournissons des plants d&rsquo;avocatiers pour les vergers en Isra\u00ebl, et exportons des plants, des semences et des connaissances professionnelles pour les p\u00e9pini\u00e8res et des exploitations agricoles en Afrique du Sud, en Am\u00e9rique et en Asie.<\/p> <p>Nous proposons une large gamme de plants et de porte-greffes, pour multiplication asexu\u00e9e et sexu\u00e9e, adapt\u00e9s aux divers types de sol et r\u00e9sistants aux maladies, sous la marque de la p\u00e9pini\u00e8re CanaCado.<\/p> <p>La p\u00e9pini\u00e8re est la repr\u00e9sentante exclusive de la soci\u00e9t\u00e9 Westphalia International, en Isra\u00ebl et dans d&rsquo;autres pays, et elle\u00a0 commercialise pour elle des porte-greffes de vari\u00e9t\u00e9s brevet\u00e9es, telles que Dossa et Gem.<\/p> <p>&nbsp;<\/p> <p><strong>Plants d&rsquo;arbres fruitiers pour l&rsquo;agriculture<\/strong><\/p> <p>Nous sommes organis\u00e9s pour fournir \u00e0 la demande une large gamme de plants d\u2019arbres subtropicaux, \u00e0 feuillage caduc, d&rsquo;agrumes, m\u00e9diterran\u00e9ens et exotiques \u00e0 l&rsquo;\u00e9chelle commerciale, pour le march\u00e9 local ou pour l&rsquo;exportation. Nous mettons tout en \u0153uvre pour garantir au cultivateur des plants fertiles et de haute qualit\u00e9, caract\u00e9ris\u00e9s par une r\u00e9sistance optimale aux maladies et aux conditions du sol, de l&rsquo;eau et du climat.<\/p> <p><img loading=\"lazy\" decoding=\"async\" class=\"alignnone wp-image-59 size-full\" src=\"https:\/\/canacado.com\/wp-content\/uploads\/2021\/01\/lets-talk-section-bg.png\" alt=\"\" width=\"1920\" height=\"1006\" srcset=\"https:\/\/canacado.com\/wp-content\/uploads\/2021\/01\/lets-talk-section-bg.png 1920w, https:\/\/canacado.com\/wp-content\/uploads\/2021\/01\/lets-talk-section-bg-300x157.png 300w, https:\/\/canacado.com\/wp-content\/uploads\/2021\/01\/lets-talk-section-bg-1024x537.png 1024w, https:\/\/canacado.com\/wp-content\/uploads\/2021\/01\/lets-talk-section-bg-768x402.png 768w, https:\/\/canacado.com\/wp-content\/uploads\/2021\/01\/lets-talk-section-bg-1536x805.png 1536w, https:\/\/canacado.com\/wp-content\/uploads\/2021\/01\/lets-talk-section-bg-624x327.png 624w\" sizes=\"auto, (max-width: 1920px) 100vw, 1920px\" \/><\/p> <h2><strong>Activit\u00e9 internationale<\/strong><\/h2> <p>Nous exportons des produits v\u00e9g\u00e9taux dans de nombreux pays \u00e0 travers le monde, de puis des semis et des boutures jusqu\u2019aux plants pour une vari\u00e9t\u00e9 de projets.<\/p> <p>Nous proposons \u00e9galement des services de conseil et d&rsquo;accompagnement pour la mise en \u0153uvre de projets agricoles dans le monde.<\/p> <p>Nous avons l&rsquo;exp\u00e9rience n\u00e9cessaire pour tester le niveau d&rsquo;adaptation de la plante aux conditions de l&rsquo;environnement local, ainsi que les connaissances et l&rsquo;exp\u00e9rience dans le processus d&rsquo;exportation :<\/p> <p>Le respect des normes phytosanitaires, le maintien de la qualit\u00e9 des produits v\u00e9g\u00e9taux tout au long du processus et la formation du cultivateur local dans la mani\u00e8re d&rsquo;acclimater le plant au sol.<\/p> <p>&nbsp;<\/p> <h2><strong>Activit\u00e9 de recherche et d\u00e9veloppement de la p\u00e9pini\u00e8re :<\/strong><\/h2> <p>Tout au long des d\u00e9cennies d&rsquo;activit\u00e9 de la p\u00e9pini\u00e8re, nous avons investi beaucoup de ressources pour la recherche et le d\u00e9veloppement de vari\u00e9t\u00e9s et de techniques de culture.<\/p> <p>A cette fin, nous lan\u00e7ons fr\u00e9quemment des projets exp\u00e9rimentaux pour le d\u00e9veloppement de vari\u00e9t\u00e9s et l\u2019am\u00e9lioration des porte-greffes, y compris en collaboration avec des instituts de recherche tels que l&rsquo;Institut Volkani, des organisations agricoles et des entreprises de haute technologie.<\/p> <p>&nbsp;<\/p> <h2>Voici certains projets :<\/h2> <p>Partenariat pour le d\u00e9veloppement et la promotion de vari\u00e9t\u00e9s exclusives avec une distribution mondiale de plants d&rsquo;avocats, de kakis, de litchis, de goyaves, de mangues et plus encore.<\/p> <p>D\u00e9veloppement de porte-greffes t\u00e9traplo\u00efdes pour avocatiers et d&rsquo;autres cultures.<\/p> <p>Travail continu avec les p\u00e9pini\u00e8res de premier plan \u00e0 l&rsquo;\u00e9tranger et repr\u00e9sentation de la soci\u00e9t\u00e9 sud-africaine Westphalia en Isra\u00ebl.<\/p>","protected":false},"excerpt":{"rendered":"<p>Faites connaissance avec la p\u00e9pini\u00e8re Haskelberg la p\u00e9pini\u00e8re la plus ancienne et la plus grande en Isra\u00ebl, sp\u00e9cialis\u00e9e dans les arbres fruitiers. Histoire de la p\u00e9pini\u00e8re La p\u00e9pini\u00e8re d&rsquo;arbres fruitiers Haskelberg a \u00e9t\u00e9 fond\u00e9e en 1974 par l&rsquo;agronome Avisha\u00ef Haskelberg. La p\u00e9pini\u00e8re, qui couvre 12 hectares dans le Moshav Kfar Vitkin, produit plus de 200 [&hellip;]<\/p>\n","protected":false},"author":3,"featured_media":0,"parent":0,"menu_order":0,"comment_status":"closed","ping_status":"closed","template":"","meta":{"_acf_changed":false,"footnotes":""},"class_list":["post-979","page","type-page","status-publish","hentry"],"acf":[],"yoast_head":"<!-- This site is optimized with the Yoast SEO plugin v27.4 - https:\/\/yoast.com\/product\/yoast-seo-wordpress\/ -->\n<title>La p\u00e9pini\u00e8re - Canacado<\/title>\n<meta name=\"robots\" content=\"index, follow, max-snippet:-1, max-image-preview:large, max-video-preview:-1\" \/>\n<link rel=\"canonical\" href=\"https:\/\/canacado.com\/fr\/la-pepiniere\/\" \/>\n<meta property=\"og:locale\" content=\"fr_FR\" \/>\n<meta property=\"og:type\" content=\"article\" \/>\n<meta property=\"og:title\" content=\"La p\u00e9pini\u00e8re - Canacado\" \/>\n<meta property=\"og:description\" content=\"Faites connaissance avec la p\u00e9pini\u00e8re Haskelberg la p\u00e9pini\u00e8re la plus ancienne et la plus grande en Isra\u00ebl, sp\u00e9cialis\u00e9e dans les arbres fruitiers. Histoire de la p\u00e9pini\u00e8re La p\u00e9pini\u00e8re d&rsquo;arbres fruitiers Haskelberg a \u00e9t\u00e9 fond\u00e9e en 1974 par l&rsquo;agronome Avisha\u00ef Haskelberg. La p\u00e9pini\u00e8re, qui couvre 12 hectares dans le Moshav Kfar Vitkin, produit plus de 200 [&hellip;]\" \/>\n<meta property=\"og:url\" content=\"https:\/\/canacado.com\/fr\/la-pepiniere\/\" \/>\n<meta property=\"og:site_name\" content=\"Canacado\" \/>\n<meta property=\"article:modified_time\" content=\"2021-04-06T16:28:48+00:00\" \/>\n<meta property=\"og:image\" content=\"https:\/\/canacado.com\/wp-content\/uploads\/2021\/01\/lets-talk-section-bg.png\" \/>\n<meta name=\"twitter:card\" content=\"summary_large_image\" \/>\n<meta name=\"twitter:label1\" content=\"Dur\u00e9e de lecture estim\u00e9e\" \/>\n\t<meta name=\"twitter:data1\" content=\"3 minutes\" \/>\n<script type=\"application\/ld+json\" class=\"yoast-schema-graph\">{\"@context\":\"https:\\\/\\\/schema.org\",\"@graph\":[{\"@type\":\"WebPage\",\"@id\":\"https:\\\/\\\/canacado.com\\\/fr\\\/la-pepiniere\\\/\",\"url\":\"https:\\\/\\\/canacado.com\\\/fr\\\/la-pepiniere\\\/\",\"name\":\"La p\u00e9pini\u00e8re - Canacado\",\"isPartOf\":{\"@id\":\"https:\\\/\\\/canacado.com\\\/#website\"},\"primaryImageOfPage\":{\"@id\":\"https:\\\/\\\/canacado.com\\\/fr\\\/la-pepiniere\\\/#primaryimage\"},\"image\":{\"@id\":\"https:\\\/\\\/canacado.com\\\/fr\\\/la-pepiniere\\\/#primaryimage\"},\"thumbnailUrl\":\"https:\\\/\\\/canacado.com\\\/wp-content\\\/uploads\\\/2021\\\/01\\\/lets-talk-section-bg.png\",\"datePublished\":\"2021-02-08T14:25:54+00:00\",\"dateModified\":\"2021-04-06T16:28:48+00:00\",\"breadcrumb\":{\"@id\":\"https:\\\/\\\/canacado.com\\\/fr\\\/la-pepiniere\\\/#breadcrumb\"},\"inLanguage\":\"fr-FR\",\"potentialAction\":[{\"@type\":\"ReadAction\",\"target\":[\"https:\\\/\\\/canacado.com\\\/fr\\\/la-pepiniere\\\/\"]}]},{\"@type\":\"ImageObject\",\"inLanguage\":\"fr-FR\",\"@id\":\"https:\\\/\\\/canacado.com\\\/fr\\\/la-pepiniere\\\/#primaryimage\",\"url\":\"https:\\\/\\\/canacado.com\\\/wp-content\\\/uploads\\\/2021\\\/01\\\/lets-talk-section-bg.png\",\"contentUrl\":\"https:\\\/\\\/canacado.com\\\/wp-content\\\/uploads\\\/2021\\\/01\\\/lets-talk-section-bg.png\"},{\"@type\":\"BreadcrumbList\",\"@id\":\"https:\\\/\\\/canacado.com\\\/fr\\\/la-pepiniere\\\/#breadcrumb\",\"itemListElement\":[{\"@type\":\"ListItem\",\"position\":1,\"name\":\"Home\",\"item\":\"https:\\\/\\\/canacado.com\\\/fr\\\/\"},{\"@type\":\"ListItem\",\"position\":2,\"name\":\"La p\u00e9pini\u00e8re\"}]},{\"@type\":\"WebSite\",\"@id\":\"https:\\\/\\\/canacado.com\\\/#website\",\"url\":\"https:\\\/\\\/canacado.com\\\/\",\"name\":\"Canacado\",\"description\":\"Avocado Master Rootstocks\",\"potentialAction\":[{\"@type\":\"SearchAction\",\"target\":{\"@type\":\"EntryPoint\",\"urlTemplate\":\"https:\\\/\\\/canacado.com\\\/?s={search_term_string}\"},\"query-input\":{\"@type\":\"PropertyValueSpecification\",\"valueRequired\":true,\"valueName\":\"search_term_string\"}}],\"inLanguage\":\"fr-FR\"}]}<\/script>\n<!-- \/ Yoast SEO plugin. -->","yoast_head_json":{"title":"La p\u00e9pini\u00e8re - Canacado","robots":{"index":"index","follow":"follow","max-snippet":"max-snippet:-1","max-image-preview":"max-image-preview:large","max-video-preview":"max-video-preview:-1"},"canonical":"https:\/\/canacado.com\/fr\/la-pepiniere\/","og_locale":"fr_FR","og_type":"article","og_title":"La p\u00e9pini\u00e8re - Canacado","og_description":"Faites connaissance avec la p\u00e9pini\u00e8re Haskelberg la p\u00e9pini\u00e8re la plus ancienne et la plus grande en Isra\u00ebl, sp\u00e9cialis\u00e9e dans les arbres fruitiers. Histoire de la p\u00e9pini\u00e8re La p\u00e9pini\u00e8re d&rsquo;arbres fruitiers Haskelberg a \u00e9t\u00e9 fond\u00e9e en 1974 par l&rsquo;agronome Avisha\u00ef Haskelberg. La p\u00e9pini\u00e8re, qui couvre 12 hectares dans le Moshav Kfar Vitkin, produit plus de 200 [&hellip;]","og_url":"https:\/\/canacado.com\/fr\/la-pepiniere\/","og_site_name":"Canacado","article_modified_time":"2021-04-06T16:28:48+00:00","og_image":[{"url":"https:\/\/canacado.com\/wp-content\/uploads\/2021\/01\/lets-talk-section-bg.png","type":"","width":"","height":""}],"twitter_card":"summary_large_image","twitter_misc":{"Dur\u00e9e de lecture estim\u00e9e":"3 minutes"},"schema":{"@context":"https:\/\/schema.org","@graph":[{"@type":"WebPage","@id":"https:\/\/canacado.com\/fr\/la-pepiniere\/","url":"https:\/\/canacado.com\/fr\/la-pepiniere\/","name":"La p\u00e9pini\u00e8re - Canacado","isPartOf":{"@id":"https:\/\/canacado.com\/#website"},"primaryImageOfPage":{"@id":"https:\/\/canacado.com\/fr\/la-pepiniere\/#primaryimage"},"image":{"@id":"https:\/\/canacado.com\/fr\/la-pepiniere\/#primaryimage"},"thumbnailUrl":"https:\/\/canacado.com\/wp-content\/uploads\/2021\/01\/lets-talk-section-bg.png","datePublished":"2021-02-08T14:25:54+00:00","dateModified":"2021-04-06T16:28:48+00:00","breadcrumb":{"@id":"https:\/\/canacado.com\/fr\/la-pepiniere\/#breadcrumb"},"inLanguage":"fr-FR","potentialAction":[{"@type":"ReadAction","target":["https:\/\/canacado.com\/fr\/la-pepiniere\/"]}]},{"@type":"ImageObject","inLanguage":"fr-FR","@id":"https:\/\/canacado.com\/fr\/la-pepiniere\/#primaryimage","url":"https:\/\/canacado.com\/wp-content\/uploads\/2021\/01\/lets-talk-section-bg.png","contentUrl":"https:\/\/canacado.com\/wp-content\/uploads\/2021\/01\/lets-talk-section-bg.png"},{"@type":"BreadcrumbList","@id":"https:\/\/canacado.com\/fr\/la-pepiniere\/#breadcrumb","itemListElement":[{"@type":"ListItem","position":1,"name":"Home","item":"https:\/\/canacado.com\/fr\/"},{"@type":"ListItem","position":2,"name":"La p\u00e9pini\u00e8re"}]},{"@type":"WebSite","@id":"https:\/\/canacado.com\/#website","url":"https:\/\/canacado.com\/","name":"Canacado","description":"Avocado Master Rootstocks","potentialAction":[{"@type":"SearchAction","target":{"@type":"EntryPoint","urlTemplate":"https:\/\/canacado.com\/?s={search_term_string}"},"query-input":{"@type":"PropertyValueSpecification","valueRequired":true,"valueName":"search_term_string"}}],"inLanguage":"fr-FR"}]}},"_links":{"self":[{"href":"https:\/\/canacado.com\/fr\/wp-json\/wp\/v2\/pages\/979","targetHints":{"allow":["GET"]}}],"collection":[{"href":"https:\/\/canacado.com\/fr\/wp-json\/wp\/v2\/pages"}],"about":[{"href":"https:\/\/canacado.com\/fr\/wp-json\/wp\/v2\/types\/page"}],"author":[{"embeddable":true,"href":"https:\/\/canacado.com\/fr\/wp-json\/wp\/v2\/users\/3"}],"replies":[{"embeddable":true,"href":"https:\/\/canacado.com\/fr\/wp-json\/wp\/v2\/comments?post=979"}],"version-history":[{"count":5,"href":"https:\/\/canacado.com\/fr\/wp-json\/wp\/v2\/pages\/979\/revisions"}],"predecessor-version":[{"id":2064,"href":"https:\/\/canacado.com\/fr\/wp-json\/wp\/v2\/pages\/979\/revisions\/2064"}],"wp:attachment":[{"href":"https:\/\/canacado.com\/fr\/wp-json\/wp\/v2\/media?parent=979"}],"curies":[{"name":"wp","href":"https:\/\/api.w.org\/{rel}","templated":true}]}}