{"id":544,"date":"2021-01-26T16:22:43","date_gmt":"2021-01-26T16:22:43","guid":{"rendered":"https:\/\/dev.lm-studio.co.il\/canacado-wp\/about\/"},"modified":"2024-02-14T09:48:06","modified_gmt":"2024-02-14T09:48:06","slug":"about","status":"publish","type":"page","link":"https:\/\/canacado.com\/fr\/about\/","title":{"rendered":"About"},"content":{"rendered":"","protected":false},"excerpt":{"rendered":"","protected":false},"author":1,"featured_media":0,"parent":0,"menu_order":0,"comment_status":"closed","ping_status":"closed","template":"page-templates\/about.php","meta":{"_acf_changed":false,"footnotes":""},"class_list":["post-544","page","type-page","status-publish","hentry"],"acf":[],"yoast_head":"<!-- This site is optimized with the Yoast SEO plugin v27.4 - https:\/\/yoast.com\/product\/yoast-seo-wordpress\/ -->\n<title>About - Canacado<\/title>\n<meta name=\"description\" content=\"La p\u00e9pini\u00e8re Haskelberg a \u00e9t\u00e9 fond\u00e9e en 1974, par l\u2019agronome Avisha\u00ef Haskelberg, et elle produit aujourd\u2019hui la plupart des plants d\u2019avocatiers et d\u2019autres arbres \u00e0 l\u2019agriculture isra\u00e9lienne, en plus de l\u2019exportation de produits v\u00e9g\u00e9taux et de connaissances professionnelles \u00e0 l\u2019adresse des p\u00e9pini\u00e8res et des exploitations agricoles en Europe, en Afrique, en Am\u00e9rique et en Asie.\" \/>\n<meta name=\"robots\" content=\"index, follow, max-snippet:-1, max-image-preview:large, max-video-preview:-1\" \/>\n<link rel=\"canonical\" href=\"https:\/\/canacado.com\/fr\/about\/\" \/>\n<meta property=\"og:locale\" content=\"fr_FR\" \/>\n<meta property=\"og:type\" content=\"article\" \/>\n<meta property=\"og:title\" content=\"About - Canacado\" \/>\n<meta property=\"og:description\" content=\"La p\u00e9pini\u00e8re Haskelberg a \u00e9t\u00e9 fond\u00e9e en 1974, par l\u2019agronome Avisha\u00ef Haskelberg, et elle produit aujourd\u2019hui la plupart des plants d\u2019avocatiers et d\u2019autres arbres \u00e0 l\u2019agriculture isra\u00e9lienne, en plus de l\u2019exportation de produits v\u00e9g\u00e9taux et de connaissances professionnelles \u00e0 l\u2019adresse des p\u00e9pini\u00e8res et des exploitations agricoles en Europe, en Afrique, en Am\u00e9rique et en Asie.\" \/>\n<meta property=\"og:url\" content=\"https:\/\/canacado.com\/fr\/about\/\" \/>\n<meta property=\"og:site_name\" content=\"Canacado\" \/>\n<meta property=\"article:modified_time\" content=\"2024-02-14T09:48:06+00:00\" \/>\n<meta name=\"twitter:card\" content=\"summary_large_image\" \/>\n<script type=\"application\/ld+json\" class=\"yoast-schema-graph\">{\"@context\":\"https:\\\/\\\/schema.org\",\"@graph\":[{\"@type\":\"WebPage\",\"@id\":\"https:\\\/\\\/canacado.com\\\/fr\\\/about\\\/\",\"url\":\"https:\\\/\\\/canacado.com\\\/fr\\\/about\\\/\",\"name\":\"About - Canacado\",\"isPartOf\":{\"@id\":\"https:\\\/\\\/canacado.com\\\/#website\"},\"datePublished\":\"2021-01-26T16:22:43+00:00\",\"dateModified\":\"2024-02-14T09:48:06+00:00\",\"description\":\"La p\u00e9pini\u00e8re Haskelberg a \u00e9t\u00e9 fond\u00e9e en 1974, par l\u2019agronome Avisha\u00ef Haskelberg, et elle produit aujourd\u2019hui la plupart des plants d\u2019avocatiers et d\u2019autres arbres \u00e0 l\u2019agriculture isra\u00e9lienne, en plus de l\u2019exportation de produits v\u00e9g\u00e9taux et de connaissances professionnelles \u00e0 l\u2019adresse des p\u00e9pini\u00e8res et des exploitations agricoles en Europe, en Afrique, en Am\u00e9rique et en Asie.\",\"breadcrumb\":{\"@id\":\"https:\\\/\\\/canacado.com\\\/fr\\\/about\\\/#breadcrumb\"},\"inLanguage\":\"fr-FR\",\"potentialAction\":[{\"@type\":\"ReadAction\",\"target\":[\"https:\\\/\\\/canacado.com\\\/fr\\\/about\\\/\"]}]},{\"@type\":\"BreadcrumbList\",\"@id\":\"https:\\\/\\\/canacado.com\\\/fr\\\/about\\\/#breadcrumb\",\"itemListElement\":[{\"@type\":\"ListItem\",\"position\":1,\"name\":\"Home\",\"item\":\"https:\\\/\\\/canacado.com\\\/fr\\\/\"},{\"@type\":\"ListItem\",\"position\":2,\"name\":\"About\"}]},{\"@type\":\"WebSite\",\"@id\":\"https:\\\/\\\/canacado.com\\\/#website\",\"url\":\"https:\\\/\\\/canacado.com\\\/\",\"name\":\"Canacado\",\"description\":\"Avocado Master Rootstocks\",\"potentialAction\":[{\"@type\":\"SearchAction\",\"target\":{\"@type\":\"EntryPoint\",\"urlTemplate\":\"https:\\\/\\\/canacado.com\\\/?s={search_term_string}\"},\"query-input\":{\"@type\":\"PropertyValueSpecification\",\"valueRequired\":true,\"valueName\":\"search_term_string\"}}],\"inLanguage\":\"fr-FR\"}]}<\/script>\n<!-- \/ Yoast SEO plugin. -->","yoast_head_json":{"title":"About - Canacado","description":"La p\u00e9pini\u00e8re Haskelberg a \u00e9t\u00e9 fond\u00e9e en 1974, par l\u2019agronome Avisha\u00ef Haskelberg, et elle produit aujourd\u2019hui la plupart des plants d\u2019avocatiers et d\u2019autres arbres \u00e0 l\u2019agriculture isra\u00e9lienne, en plus de l\u2019exportation de produits v\u00e9g\u00e9taux et de connaissances professionnelles \u00e0 l\u2019adresse des p\u00e9pini\u00e8res et des exploitations agricoles en Europe, en Afrique, en Am\u00e9rique et en Asie.","robots":{"index":"index","follow":"follow","max-snippet":"max-snippet:-1","max-image-preview":"max-image-preview:large","max-video-preview":"max-video-preview:-1"},"canonical":"https:\/\/canacado.com\/fr\/about\/","og_locale":"fr_FR","og_type":"article","og_title":"About - Canacado","og_description":"La p\u00e9pini\u00e8re Haskelberg a \u00e9t\u00e9 fond\u00e9e en 1974, par l\u2019agronome Avisha\u00ef Haskelberg, et elle produit aujourd\u2019hui la plupart des plants d\u2019avocatiers et d\u2019autres arbres \u00e0 l\u2019agriculture isra\u00e9lienne, en plus de l\u2019exportation de produits v\u00e9g\u00e9taux et de connaissances professionnelles \u00e0 l\u2019adresse des p\u00e9pini\u00e8res et des exploitations agricoles en Europe, en Afrique, en Am\u00e9rique et en Asie.","og_url":"https:\/\/canacado.com\/fr\/about\/","og_site_name":"Canacado","article_modified_time":"2024-02-14T09:48:06+00:00","twitter_card":"summary_large_image","schema":{"@context":"https:\/\/schema.org","@graph":[{"@type":"WebPage","@id":"https:\/\/canacado.com\/fr\/about\/","url":"https:\/\/canacado.com\/fr\/about\/","name":"About - Canacado","isPartOf":{"@id":"https:\/\/canacado.com\/#website"},"datePublished":"2021-01-26T16:22:43+00:00","dateModified":"2024-02-14T09:48:06+00:00","description":"La p\u00e9pini\u00e8re Haskelberg a \u00e9t\u00e9 fond\u00e9e en 1974, par l\u2019agronome Avisha\u00ef Haskelberg, et elle produit aujourd\u2019hui la plupart des plants d\u2019avocatiers et d\u2019autres arbres \u00e0 l\u2019agriculture isra\u00e9lienne, en plus de l\u2019exportation de produits v\u00e9g\u00e9taux et de connaissances professionnelles \u00e0 l\u2019adresse des p\u00e9pini\u00e8res et des exploitations agricoles en Europe, en Afrique, en Am\u00e9rique et en Asie.","breadcrumb":{"@id":"https:\/\/canacado.com\/fr\/about\/#breadcrumb"},"inLanguage":"fr-FR","potentialAction":[{"@type":"ReadAction","target":["https:\/\/canacado.com\/fr\/about\/"]}]},{"@type":"BreadcrumbList","@id":"https:\/\/canacado.com\/fr\/about\/#breadcrumb","itemListElement":[{"@type":"ListItem","position":1,"name":"Home","item":"https:\/\/canacado.com\/fr\/"},{"@type":"ListItem","position":2,"name":"About"}]},{"@type":"WebSite","@id":"https:\/\/canacado.com\/#website","url":"https:\/\/canacado.com\/","name":"Canacado","description":"Avocado Master Rootstocks","potentialAction":[{"@type":"SearchAction","target":{"@type":"EntryPoint","urlTemplate":"https:\/\/canacado.com\/?s={search_term_string}"},"query-input":{"@type":"PropertyValueSpecification","valueRequired":true,"valueName":"search_term_string"}}],"inLanguage":"fr-FR"}]}},"_links":{"self":[{"href":"https:\/\/canacado.com\/fr\/wp-json\/wp\/v2\/pages\/544","targetHints":{"allow":["GET"]}}],"collection":[{"href":"https:\/\/canacado.com\/fr\/wp-json\/wp\/v2\/pages"}],"about":[{"href":"https:\/\/canacado.com\/fr\/wp-json\/wp\/v2\/types\/page"}],"author":[{"embeddable":true,"href":"https:\/\/canacado.com\/fr\/wp-json\/wp\/v2\/users\/1"}],"replies":[{"embeddable":true,"href":"https:\/\/canacado.com\/fr\/wp-json\/wp\/v2\/comments?post=544"}],"version-history":[{"count":22,"href":"https:\/\/canacado.com\/fr\/wp-json\/wp\/v2\/pages\/544\/revisions"}],"predecessor-version":[{"id":2404,"href":"https:\/\/canacado.com\/fr\/wp-json\/wp\/v2\/pages\/544\/revisions\/2404"}],"wp:attachment":[{"href":"https:\/\/canacado.com\/fr\/wp-json\/wp\/v2\/media?parent=544"}],"curies":[{"name":"wp","href":"https:\/\/api.w.org\/{rel}","templated":true}]}}