{"id":2163,"date":"2021-04-28T08:50:19","date_gmt":"2021-04-28T08:50:19","guid":{"rendered":"https:\/\/canacado.com\/?page_id=2163"},"modified":"2021-05-02T08:46:51","modified_gmt":"2021-05-02T08:46:51","slug":"nos-produits","status":"publish","type":"page","link":"https:\/\/canacado.com\/fr\/nos-produits\/","title":{"rendered":"Nos produits"},"content":{"rendered":"<h2><strong>G\u00e9n\u00e9ral<\/strong><\/h2> <p>La p\u00e9pini\u00e8re Haskelberg est l&rsquo;une des p\u00e9pini\u00e8res de premier plan dans le pays pour la production d\u2019arbres fruitiers et de mat\u00e9riel v\u00e9g\u00e9tal.<br \/> La p\u00e9pini\u00e8re produit plus de 200 vari\u00e9t\u00e9s de fruits pour les agriculteurs, les jardiniers, les p\u00e9pini\u00e8res et les clients priv\u00e9s en Isra\u00ebl et \u00e0 travers le monde.<\/p> <p>De plus, la p\u00e9pini\u00e8re est engag\u00e9e dans l\u2019exportation de mat\u00e9riel v\u00e9g\u00e9tal de toutes sortes pour des projets et clients divers \u00e0 travers le monde. La p\u00e9pini\u00e8re croit aux projets \u00e0 long terme et donc chacun de ces projets s&rsquo;accompagne \u00e9galement d&rsquo;une r\u00e9flexion commune avec le client sur les besoins en fonction des conditions du terrain (climat, eau, sol, infrastructure, marketing) afin de trouver la solution optimale pour le projet.<\/p> <p>La livraison de mat\u00e9riel v\u00e9g\u00e9tal commence par un questionnaire de base rempli par le client, qui permet d&rsquo;analyser la situation existante et les \u00e9tapes qui permettront d\u2019atteindre les objectifs du client. Chaque projet est quelque chose de nouveau, toutes les conditions de terrain doivent \u00eatre examin\u00e9es professionnellement, sur la base de l&rsquo;exp\u00e9rience pass\u00e9e, mais avec une r\u00e9flexion cr\u00e9ative et prudente.<\/p> <p>Ce concept est pertinent dans chaque projet et en particulier dans un projet d\u2019avocat. C&rsquo;est l&rsquo;essence m\u00eame de Canacado pour nous. Une base de donn\u00e9es de qualit\u00e9 sur le porte-greffe de l&rsquo;avocat adapt\u00e9e \u00e0 une vari\u00e9t\u00e9 de conditions \u00e0 s\u00e9lectionner apr\u00e8s un examen attentif des conditions sur le terrain. Sur ce site vous pouvez voir par exemple un questionnaire pr\u00e9liminaire tr\u00e8s \u00e9l\u00e9mentaire pour comprendre les conditions de la r\u00e9gion, <a href=\"https:\/\/canacado.com\/fr\/quiz\/\">cliquez ici pour le questionnaire<\/a>.<\/p> <h2><strong>Voici un exemple des types de produits que nous exportons:<\/strong><\/h2> <p> <table id=\"tablepress-5\" class=\"tablepress tablepress-id-5\"> <thead> <tr class=\"row-1\"> \t<th class=\"column-1\">Type de fruit<\/th><th class=\"column-2\">Mat\u00e9riel v\u00e9g\u00e9tal<\/th><th class=\"column-3\">Vari\u00e9t\u00e9s<\/th><th class=\"column-4\">D\u00e9tails<\/th> <\/tr> <\/thead> <tbody class=\"row-striping row-hover\"> <tr class=\"row-2\"> \t<td class=\"column-1\">Avocat<\/td><td class=\"column-2\">Semences<\/td><td class=\"column-3\">Des Indes occidentales, mexicaines<\/td><td class=\"column-4\">Elles servent \u00e0 produire des plants sur porte-greffes issus de semences.<\/td> <\/tr> <tr class=\"row-3\"> \t<td class=\"column-1\"><\/td><td class=\"column-2\"><img loading=\"lazy\" decoding=\"async\" src=\"https:\/\/canacado.com\/wp-content\/uploads\/2021\/03\/\u05ea\u05de\u05d5\u05e0\u05d4-\u05dc\u05d3\u05e3-\u05d4\u05de\u05d5\u05e6\u05e8\u05d9\u05dd5-150x150.jpg\" alt=\"\" width=\"150\" height=\"150\" class=\"aligncenter size-thumbnail wp-image-1766\" srcset=\"https:\/\/canacado.com\/wp-content\/uploads\/2021\/03\/\u05ea\u05de\u05d5\u05e0\u05d4-\u05dc\u05d3\u05e3-\u05d4\u05de\u05d5\u05e6\u05e8\u05d9\u05dd5-150x150.jpg 150w, https:\/\/canacado.com\/wp-content\/uploads\/2021\/03\/\u05ea\u05de\u05d5\u05e0\u05d4-\u05dc\u05d3\u05e3-\u05d4\u05de\u05d5\u05e6\u05e8\u05d9\u05dd5-84x84.jpg 84w\" sizes=\"auto, (max-width: 150px) 100vw, 150px\" \/><\/td><td class=\"column-3\"><\/td><td class=\"column-4\">Destin\u00e9es \u00e0 des p\u00e9pini\u00e8res ou des clients disposant d'installations de germination.<\/td> <\/tr> <tr class=\"row-4\"> \t<td class=\"column-1\"><\/td><td class=\"column-2\"><\/td><td class=\"column-3\"><\/td><td class=\"column-4\">Les types de semences proviennent de la collection de porte-greffes issus de semences utilis\u00e9e par la p\u00e9pini\u00e8re, qui est aussi r\u00e9pertori\u00e9e sur ce site.  <a href=\"https:\/\/canacado.com\/fr\/canacado-chercher\/\" rel=\"noopener\" target=\"_blank\">Cliquez ici pour le tableau de l\u2019ensemble des porte-greffes.<\/a><\/td> <\/tr> <tr class=\"row-5\"> \t<td class=\"column-1\">Avocat<\/td><td class=\"column-2\">Greffons<br \/> <img loading=\"lazy\" decoding=\"async\" src=\"https:\/\/canacado.com\/wp-content\/uploads\/2021\/03\/\u05ea\u05de\u05d5\u05e0\u05d4-\u05dc\u05d3\u05e3-\u05de\u05d5\u05e6\u05e8\u05d9\u05dd-3-150x150.png\" alt=\"\" width=\"150\" height=\"150\" class=\"aligncenter size-thumbnail wp-image-1758\" srcset=\"https:\/\/canacado.com\/wp-content\/uploads\/2021\/03\/\u05ea\u05de\u05d5\u05e0\u05d4-\u05dc\u05d3\u05e3-\u05de\u05d5\u05e6\u05e8\u05d9\u05dd-3-150x150.png 150w, https:\/\/canacado.com\/wp-content\/uploads\/2021\/03\/\u05ea\u05de\u05d5\u05e0\u05d4-\u05dc\u05d3\u05e3-\u05de\u05d5\u05e6\u05e8\u05d9\u05dd-3-84x84.png 84w\" sizes=\"auto, (max-width: 150px) 100vw, 150px\" \/><\/td><td class=\"column-3\">Vari\u00e9t\u00e9s d\u2019avocats<\/td><td class=\"column-4\">Nous exportons des greffons de vari\u00e9t\u00e9s destin\u00e9s \u00e0 \u00eatre greff\u00e9s dans la p\u00e9pini\u00e8re de destination. L\u2019exp\u00e9dition de greffons  est d\u00e9licate et n\u00e9cessite un suivi professionnel en p\u00e9pini\u00e8re sur le site de destination, qui doit pr\u00e9parer \u00e0 l'avance les porte-greffes devant recevoir les greffons.<\/td> <\/tr> <tr class=\"row-6\"> \t<td class=\"column-1\"><\/td><td class=\"column-2\"><\/td><td class=\"column-3\">Porte-greffes Canacado<\/td><td class=\"column-4\">Il est possible d\u2019exp\u00e9dier ainsi les vari\u00e9t\u00e9s commerciales courantes et\/ou des vari\u00e9t\u00e9s brevet\u00e9es de la p\u00e9pini\u00e8re.<\/td> <\/tr> <tr class=\"row-7\"> \t<td class=\"column-1\"><\/td><td class=\"column-2\"><\/td><td class=\"column-3\"><\/td><td class=\"column-4\">De plus, certains clients autoris\u00e9s, signataires d\u2019un accord sp\u00e9cial avec la p\u00e9pini\u00e8re, peuvent recevoir des greffons destin\u00e9s \u00e0 nos porte-greffes Canacado pour produire de mani\u00e8re ind\u00e9pendante des plants-m\u00e8res pour porte-greffes de plants Canacado.<\/td> <\/tr> <tr class=\"row-8\"> \t<td class=\"column-1\">Avocat<\/td><td class=\"column-2\">Plants<br \/> <\/td><td class=\"column-3\">Greff\u00e9s sur des porte-greffes issus de semences ou produits g\u00e9n\u00e9tiquement de la marque Canacado<\/td><td class=\"column-4\">Pour le march\u00e9 local, les plants sont commercialis\u00e9s dans des conteneurs de 1 \u00e0 8 litres. En 2021, nous avons aussi commenc\u00e9 \u00e0 commercialiser des plants d'avocat dans des sacs biod\u00e9gradables qui permettent un syst\u00e8me racinaire plus robuste et plus sain, et une plantation plus facile sur le terrain.<\/td> <\/tr> <tr class=\"row-9\"> \t<td class=\"column-1\"><\/td><td class=\"column-2\"><img loading=\"lazy\" decoding=\"async\" src=\"https:\/\/canacado.com\/wp-content\/uploads\/2021\/03\/146d0d59-f2ed-4af4-9fd9-c7e924f01f81-150x150.jpg\" alt=\"\" width=\"150\" height=\"150\" class=\"aligncenter size-thumbnail wp-image-1746\" srcset=\"https:\/\/canacado.com\/wp-content\/uploads\/2021\/03\/146d0d59-f2ed-4af4-9fd9-c7e924f01f81-150x150.jpg 150w, https:\/\/canacado.com\/wp-content\/uploads\/2021\/03\/146d0d59-f2ed-4af4-9fd9-c7e924f01f81-84x84.jpg 84w\" sizes=\"auto, (max-width: 150px) 100vw, 150px\" \/><\/td><td class=\"column-3\"><\/td><td class=\"column-4\">Pour l'exportation, les plants sont exp\u00e9di\u00e9s selon les exigences phytosanitaires du pays de destination.<\/td> <\/tr> <tr class=\"row-10\"> \t<td class=\"column-1\"><\/td><td class=\"column-2\"><img loading=\"lazy\" decoding=\"async\" src=\"https:\/\/canacado.com\/wp-content\/uploads\/2021\/03\/\u05ea\u05de\u05d5\u05e0\u05d4-\u05dc\u05d3\u05e3-\u05d4\u05de\u05d5\u05e6\u05e8\u05d9\u05dd-150x150.jpg\" alt=\"\" width=\"150\" height=\"150\" class=\"aligncenter size-thumbnail wp-image-1750\" srcset=\"https:\/\/canacado.com\/wp-content\/uploads\/2021\/03\/\u05ea\u05de\u05d5\u05e0\u05d4-\u05dc\u05d3\u05e3-\u05d4\u05de\u05d5\u05e6\u05e8\u05d9\u05dd-150x150.jpg 150w, https:\/\/canacado.com\/wp-content\/uploads\/2021\/03\/\u05ea\u05de\u05d5\u05e0\u05d4-\u05dc\u05d3\u05e3-\u05d4\u05de\u05d5\u05e6\u05e8\u05d9\u05dd-84x84.jpg 84w\" sizes=\"auto, (max-width: 150px) 100vw, 150px\" \/><\/td><td class=\"column-3\"><\/td><td class=\"column-4\">La taille du plant est d\u00e9termin\u00e9e en fonction du type de client (suivi en p\u00e9pini\u00e8re ou plantation directe sur le terrain). L\u2019exp\u00e9dition se fait g\u00e9n\u00e9ralement dans un conteneur de 1 litre maximum apr\u00e8s un minimum de 6 mois de culture dans la p\u00e9pini\u00e8re. <\/td> <\/tr> <tr class=\"row-11\"> \t<td class=\"column-1\">Avocat<\/td><td class=\"column-2\">Micro-plants<br \/> <img loading=\"lazy\" decoding=\"async\" src=\"https:\/\/canacado.com\/wp-content\/uploads\/2021\/03\/\u05ea\u05de\u05d5\u05e0\u05d4-\u05e9\u05ea\u05d9\u05dc\u05d9-\u05de\u05d9\u05e7\u05e8\u05d5-1-150x150.jpg\" alt=\"\" width=\"150\" height=\"150\" class=\"aligncenter size-thumbnail wp-image-1979\" srcset=\"https:\/\/canacado.com\/wp-content\/uploads\/2021\/03\/\u05ea\u05de\u05d5\u05e0\u05d4-\u05e9\u05ea\u05d9\u05dc\u05d9-\u05de\u05d9\u05e7\u05e8\u05d5-1-150x150.jpg 150w, https:\/\/canacado.com\/wp-content\/uploads\/2021\/03\/\u05ea\u05de\u05d5\u05e0\u05d4-\u05e9\u05ea\u05d9\u05dc\u05d9-\u05de\u05d9\u05e7\u05e8\u05d5-1-84x84.jpg 84w\" sizes=\"auto, (max-width: 150px) 100vw, 150px\" \/><\/td><td class=\"column-3\">Porte-greffes Canacado<\/td><td class=\"column-4\">Une option qui convient au suivi en p\u00e9pini\u00e8re, en vue de l'acclimatation et la poursuite de la croissance pour les plantules particuli\u00e8rement jeunes.<\/td> <\/tr> <tr class=\"row-12\"> \t<td class=\"column-1\"><\/td><td class=\"column-2\"><\/td><td class=\"column-3\">Plantules greff\u00e9s<\/td><td class=\"column-4\"><\/td> <\/tr> <tr class=\"row-13\"> \t<td class=\"column-1\"><\/td><td class=\"column-2\"><\/td><td class=\"column-3\"><\/td><td class=\"column-4\"><\/td> <\/tr> <tr class=\"row-14\"> \t<td class=\"column-1\">Avocat<\/td><td class=\"column-2\">Cultures de tissus<\/td><td class=\"column-3\">Porte-greffes Canacado<\/td><td class=\"column-4\">Bient\u00f4t\u2026<\/td> <\/tr> <tr class=\"row-15\"> \t<td class=\"column-1\"><\/td><td class=\"column-2\"><\/td><td class=\"column-3\">Plantules greff\u00e9s<\/td><td class=\"column-4\"><\/td> <\/tr> <tr class=\"row-16\"> \t<td class=\"column-1\">Autres vari\u00e9t\u00e9s<\/td><td class=\"column-2\">Semences, boutures, plants<\/td><td class=\"column-3\"><a href=\"https:\/\/mashtela.com\/catalog\/\" rel=\"noopener\" target=\"_blank\">Lien pour le catalogue<\/a><\/td><td class=\"column-4\">Il est possible d\u2019envoyer des boutures et des greffons d\u2019arbres fruitiers divers que la p\u00e9pini\u00e8re destine \u00e0 la pr\u00e9paration de plants dans la p\u00e9pini\u00e8re de destination ou bien des plants pr\u00eats pour la plantation sur le terrain.<\/td> <\/tr> <tr class=\"row-17\"> \t<td class=\"column-1\">Accompa-gnement et conseils<\/td><td class=\"column-2\"><img loading=\"lazy\" decoding=\"async\" src=\"https:\/\/canacado.com\/wp-content\/uploads\/2021\/01\/haskelberg-logo-big-150x150.png\" alt=\"\" width=\"150\" height=\"150\" class=\"aligncenter size-thumbnail wp-image-338\" srcset=\"https:\/\/canacado.com\/wp-content\/uploads\/2021\/01\/haskelberg-logo-big-150x150.png 150w, https:\/\/canacado.com\/wp-content\/uploads\/2021\/01\/haskelberg-logo-big-84x84.png 84w\" sizes=\"auto, (max-width: 150px) 100vw, 150px\" \/><\/td><td class=\"column-3\"><\/td><td class=\"column-4\">Le personnel de la p\u00e9pini\u00e8re, assist\u00e9 de professionnels de premier ordre en Isra\u00ebl, sert \u00e9galement d'\u00e9quipe d'accompagnement pour les projets en construction ou d\u00e9j\u00e0 existants. Depuis l\u2019accompagnement dans l'analyse des conditions du terrain et la d\u00e9termination des cultures appropri\u00e9es, l\u2019assistance technique dans la planification d\u2019une p\u00e9pini\u00e8re ou d'un projet agricole et l\u2019accompagnement continue dans la maintenance d'une p\u00e9pini\u00e8re et\/ou d\u2019exploitations.<\/td> <\/tr> <\/tbody> <\/table> <!-- #tablepress-5 from cache --><strong><br \/> <\/strong><\/p>","protected":false},"excerpt":{"rendered":"<p>G\u00e9n\u00e9ral La p\u00e9pini\u00e8re Haskelberg est l&rsquo;une des p\u00e9pini\u00e8res de premier plan dans le pays pour la production d\u2019arbres fruitiers et de mat\u00e9riel v\u00e9g\u00e9tal. La p\u00e9pini\u00e8re produit plus de 200 vari\u00e9t\u00e9s de fruits pour les agriculteurs, les jardiniers, les p\u00e9pini\u00e8res et les clients priv\u00e9s en Isra\u00ebl et \u00e0 travers le monde. De plus, la p\u00e9pini\u00e8re est [&hellip;]<\/p>\n","protected":false},"author":4,"featured_media":0,"parent":0,"menu_order":0,"comment_status":"closed","ping_status":"closed","template":"","meta":{"_acf_changed":false,"footnotes":""},"class_list":["post-2163","page","type-page","status-publish","hentry"],"acf":[],"yoast_head":"<!-- This site is optimized with the Yoast SEO plugin v27.4 - https:\/\/yoast.com\/product\/yoast-seo-wordpress\/ -->\n<title>Nos produits - Canacado<\/title>\n<meta name=\"description\" content=\"La p\u00e9pini\u00e8re Haskelberg est l&#039;une des principales p\u00e9pini\u00e8res d&#039;Isra\u00ebl pour les plantes et le mat\u00e9riel v\u00e9g\u00e9tal.\" \/>\n<meta name=\"robots\" content=\"index, follow, max-snippet:-1, max-image-preview:large, max-video-preview:-1\" \/>\n<link rel=\"canonical\" href=\"https:\/\/canacado.com\/fr\/nos-produits\/\" \/>\n<meta property=\"og:locale\" content=\"fr_FR\" \/>\n<meta property=\"og:type\" content=\"article\" \/>\n<meta property=\"og:title\" content=\"Nos produits - Canacado\" \/>\n<meta property=\"og:description\" content=\"La p\u00e9pini\u00e8re Haskelberg est l&#039;une des principales p\u00e9pini\u00e8res d&#039;Isra\u00ebl pour les plantes et le mat\u00e9riel v\u00e9g\u00e9tal.\" \/>\n<meta property=\"og:url\" content=\"https:\/\/canacado.com\/fr\/nos-produits\/\" \/>\n<meta property=\"og:site_name\" content=\"Canacado\" \/>\n<meta property=\"article:modified_time\" content=\"2021-05-02T08:46:51+00:00\" \/>\n<meta name=\"twitter:card\" content=\"summary_large_image\" \/>\n<meta name=\"twitter:label1\" content=\"Dur\u00e9e de lecture estim\u00e9e\" \/>\n\t<meta name=\"twitter:data1\" content=\"2 minutes\" \/>\n<script type=\"application\/ld+json\" class=\"yoast-schema-graph\">{\"@context\":\"https:\\\/\\\/schema.org\",\"@graph\":[{\"@type\":\"WebPage\",\"@id\":\"https:\\\/\\\/canacado.com\\\/fr\\\/nos-produits\\\/\",\"url\":\"https:\\\/\\\/canacado.com\\\/fr\\\/nos-produits\\\/\",\"name\":\"Nos produits - Canacado\",\"isPartOf\":{\"@id\":\"https:\\\/\\\/canacado.com\\\/#website\"},\"datePublished\":\"2021-04-28T08:50:19+00:00\",\"dateModified\":\"2021-05-02T08:46:51+00:00\",\"description\":\"La p\u00e9pini\u00e8re Haskelberg est l'une des principales p\u00e9pini\u00e8res d'Isra\u00ebl pour les plantes et le mat\u00e9riel v\u00e9g\u00e9tal.\",\"breadcrumb\":{\"@id\":\"https:\\\/\\\/canacado.com\\\/fr\\\/nos-produits\\\/#breadcrumb\"},\"inLanguage\":\"fr-FR\",\"potentialAction\":[{\"@type\":\"ReadAction\",\"target\":[\"https:\\\/\\\/canacado.com\\\/fr\\\/nos-produits\\\/\"]}]},{\"@type\":\"BreadcrumbList\",\"@id\":\"https:\\\/\\\/canacado.com\\\/fr\\\/nos-produits\\\/#breadcrumb\",\"itemListElement\":[{\"@type\":\"ListItem\",\"position\":1,\"name\":\"Home\",\"item\":\"https:\\\/\\\/canacado.com\\\/fr\\\/\"},{\"@type\":\"ListItem\",\"position\":2,\"name\":\"Nos produits\"}]},{\"@type\":\"WebSite\",\"@id\":\"https:\\\/\\\/canacado.com\\\/#website\",\"url\":\"https:\\\/\\\/canacado.com\\\/\",\"name\":\"Canacado\",\"description\":\"Avocado Master Rootstocks\",\"potentialAction\":[{\"@type\":\"SearchAction\",\"target\":{\"@type\":\"EntryPoint\",\"urlTemplate\":\"https:\\\/\\\/canacado.com\\\/?s={search_term_string}\"},\"query-input\":{\"@type\":\"PropertyValueSpecification\",\"valueRequired\":true,\"valueName\":\"search_term_string\"}}],\"inLanguage\":\"fr-FR\"}]}<\/script>\n<!-- \/ Yoast SEO plugin. -->","yoast_head_json":{"title":"Nos produits - Canacado","description":"La p\u00e9pini\u00e8re Haskelberg est l'une des principales p\u00e9pini\u00e8res d'Isra\u00ebl pour les plantes et le mat\u00e9riel v\u00e9g\u00e9tal.","robots":{"index":"index","follow":"follow","max-snippet":"max-snippet:-1","max-image-preview":"max-image-preview:large","max-video-preview":"max-video-preview:-1"},"canonical":"https:\/\/canacado.com\/fr\/nos-produits\/","og_locale":"fr_FR","og_type":"article","og_title":"Nos produits - Canacado","og_description":"La p\u00e9pini\u00e8re Haskelberg est l'une des principales p\u00e9pini\u00e8res d'Isra\u00ebl pour les plantes et le mat\u00e9riel v\u00e9g\u00e9tal.","og_url":"https:\/\/canacado.com\/fr\/nos-produits\/","og_site_name":"Canacado","article_modified_time":"2021-05-02T08:46:51+00:00","twitter_card":"summary_large_image","twitter_misc":{"Dur\u00e9e de lecture estim\u00e9e":"2 minutes"},"schema":{"@context":"https:\/\/schema.org","@graph":[{"@type":"WebPage","@id":"https:\/\/canacado.com\/fr\/nos-produits\/","url":"https:\/\/canacado.com\/fr\/nos-produits\/","name":"Nos produits - Canacado","isPartOf":{"@id":"https:\/\/canacado.com\/#website"},"datePublished":"2021-04-28T08:50:19+00:00","dateModified":"2021-05-02T08:46:51+00:00","description":"La p\u00e9pini\u00e8re Haskelberg est l'une des principales p\u00e9pini\u00e8res d'Isra\u00ebl pour les plantes et le mat\u00e9riel v\u00e9g\u00e9tal.","breadcrumb":{"@id":"https:\/\/canacado.com\/fr\/nos-produits\/#breadcrumb"},"inLanguage":"fr-FR","potentialAction":[{"@type":"ReadAction","target":["https:\/\/canacado.com\/fr\/nos-produits\/"]}]},{"@type":"BreadcrumbList","@id":"https:\/\/canacado.com\/fr\/nos-produits\/#breadcrumb","itemListElement":[{"@type":"ListItem","position":1,"name":"Home","item":"https:\/\/canacado.com\/fr\/"},{"@type":"ListItem","position":2,"name":"Nos produits"}]},{"@type":"WebSite","@id":"https:\/\/canacado.com\/#website","url":"https:\/\/canacado.com\/","name":"Canacado","description":"Avocado Master Rootstocks","potentialAction":[{"@type":"SearchAction","target":{"@type":"EntryPoint","urlTemplate":"https:\/\/canacado.com\/?s={search_term_string}"},"query-input":{"@type":"PropertyValueSpecification","valueRequired":true,"valueName":"search_term_string"}}],"inLanguage":"fr-FR"}]}},"_links":{"self":[{"href":"https:\/\/canacado.com\/fr\/wp-json\/wp\/v2\/pages\/2163","targetHints":{"allow":["GET"]}}],"collection":[{"href":"https:\/\/canacado.com\/fr\/wp-json\/wp\/v2\/pages"}],"about":[{"href":"https:\/\/canacado.com\/fr\/wp-json\/wp\/v2\/types\/page"}],"author":[{"embeddable":true,"href":"https:\/\/canacado.com\/fr\/wp-json\/wp\/v2\/users\/4"}],"replies":[{"embeddable":true,"href":"https:\/\/canacado.com\/fr\/wp-json\/wp\/v2\/comments?post=2163"}],"version-history":[{"count":5,"href":"https:\/\/canacado.com\/fr\/wp-json\/wp\/v2\/pages\/2163\/revisions"}],"predecessor-version":[{"id":2173,"href":"https:\/\/canacado.com\/fr\/wp-json\/wp\/v2\/pages\/2163\/revisions\/2173"}],"wp:attachment":[{"href":"https:\/\/canacado.com\/fr\/wp-json\/wp\/v2\/media?parent=2163"}],"curies":[{"name":"wp","href":"https:\/\/api.w.org\/{rel}","templated":true}]}}