{"id":560,"date":"2021-01-28T13:05:32","date_gmt":"2021-01-28T13:05:32","guid":{"rendered":"https:\/\/dev.lm-studio.co.il\/canacado-wp\/canacado-search\/"},"modified":"2021-03-22T10:27:27","modified_gmt":"2021-03-22T10:27:27","slug":"canacado-buscar","status":"publish","type":"page","link":"https:\/\/canacado.com\/es\/canacado-buscar\/","title":{"rendered":"Canacado Search"},"content":{"rendered":"","protected":false},"excerpt":{"rendered":"","protected":false},"author":1,"featured_media":0,"parent":0,"menu_order":0,"comment_status":"closed","ping_status":"closed","template":"page-templates\/search.php","meta":{"_acf_changed":false,"footnotes":""},"class_list":["post-560","page","type-page","status-publish","hentry"],"acf":[],"yoast_head":"<!-- This site is optimized with the Yoast SEO plugin v27.4 - https:\/\/yoast.com\/product\/yoast-seo-wordpress\/ -->\n<title>Canacado Search - Canacado<\/title>\n<meta name=\"description\" content=\"Filtre y encuentre el patr\u00f3n de aguacate portainjertos para su \u00e1rea de cultivo \u00fanica\" \/>\n<meta name=\"robots\" content=\"index, follow, max-snippet:-1, max-image-preview:large, max-video-preview:-1\" \/>\n<link rel=\"canonical\" href=\"https:\/\/canacado.com\/es\/canacado-buscar\/\" \/>\n<meta property=\"og:locale\" content=\"es_ES\" \/>\n<meta property=\"og:type\" content=\"article\" \/>\n<meta property=\"og:title\" content=\"Canacado Search - Canacado\" \/>\n<meta property=\"og:description\" content=\"Filtre y encuentre el patr\u00f3n de aguacate portainjertos para su \u00e1rea de cultivo \u00fanica\" \/>\n<meta property=\"og:url\" content=\"https:\/\/canacado.com\/es\/canacado-buscar\/\" \/>\n<meta property=\"og:site_name\" content=\"Canacado\" \/>\n<meta property=\"article:modified_time\" content=\"2021-03-22T10:27:27+00:00\" \/>\n<meta name=\"twitter:card\" content=\"summary_large_image\" \/>\n<script type=\"application\/ld+json\" class=\"yoast-schema-graph\">{\"@context\":\"https:\\\/\\\/schema.org\",\"@graph\":[{\"@type\":\"WebPage\",\"@id\":\"https:\\\/\\\/canacado.com\\\/es\\\/canacado-buscar\\\/\",\"url\":\"https:\\\/\\\/canacado.com\\\/es\\\/canacado-buscar\\\/\",\"name\":\"Canacado Search - Canacado\",\"isPartOf\":{\"@id\":\"https:\\\/\\\/canacado.com\\\/#website\"},\"datePublished\":\"2021-01-28T13:05:32+00:00\",\"dateModified\":\"2021-03-22T10:27:27+00:00\",\"description\":\"Filtre y encuentre el patr\u00f3n de aguacate portainjertos para su \u00e1rea de cultivo \u00fanica\",\"breadcrumb\":{\"@id\":\"https:\\\/\\\/canacado.com\\\/es\\\/canacado-buscar\\\/#breadcrumb\"},\"inLanguage\":\"es\",\"potentialAction\":[{\"@type\":\"ReadAction\",\"target\":[\"https:\\\/\\\/canacado.com\\\/es\\\/canacado-buscar\\\/\"]}]},{\"@type\":\"BreadcrumbList\",\"@id\":\"https:\\\/\\\/canacado.com\\\/es\\\/canacado-buscar\\\/#breadcrumb\",\"itemListElement\":[{\"@type\":\"ListItem\",\"position\":1,\"name\":\"Home\",\"item\":\"https:\\\/\\\/canacado.com\\\/es\\\/\"},{\"@type\":\"ListItem\",\"position\":2,\"name\":\"Canacado Search\"}]},{\"@type\":\"WebSite\",\"@id\":\"https:\\\/\\\/canacado.com\\\/#website\",\"url\":\"https:\\\/\\\/canacado.com\\\/\",\"name\":\"Canacado\",\"description\":\"Avocado Master Rootstocks\",\"potentialAction\":[{\"@type\":\"SearchAction\",\"target\":{\"@type\":\"EntryPoint\",\"urlTemplate\":\"https:\\\/\\\/canacado.com\\\/?s={search_term_string}\"},\"query-input\":{\"@type\":\"PropertyValueSpecification\",\"valueRequired\":true,\"valueName\":\"search_term_string\"}}],\"inLanguage\":\"es\"}]}<\/script>\n<!-- \/ Yoast SEO plugin. -->","yoast_head_json":{"title":"Canacado Search - Canacado","description":"Filtre y encuentre el patr\u00f3n de aguacate portainjertos para su \u00e1rea de cultivo \u00fanica","robots":{"index":"index","follow":"follow","max-snippet":"max-snippet:-1","max-image-preview":"max-image-preview:large","max-video-preview":"max-video-preview:-1"},"canonical":"https:\/\/canacado.com\/es\/canacado-buscar\/","og_locale":"es_ES","og_type":"article","og_title":"Canacado Search - Canacado","og_description":"Filtre y encuentre el patr\u00f3n de aguacate portainjertos para su \u00e1rea de cultivo \u00fanica","og_url":"https:\/\/canacado.com\/es\/canacado-buscar\/","og_site_name":"Canacado","article_modified_time":"2021-03-22T10:27:27+00:00","twitter_card":"summary_large_image","schema":{"@context":"https:\/\/schema.org","@graph":[{"@type":"WebPage","@id":"https:\/\/canacado.com\/es\/canacado-buscar\/","url":"https:\/\/canacado.com\/es\/canacado-buscar\/","name":"Canacado Search - Canacado","isPartOf":{"@id":"https:\/\/canacado.com\/#website"},"datePublished":"2021-01-28T13:05:32+00:00","dateModified":"2021-03-22T10:27:27+00:00","description":"Filtre y encuentre el patr\u00f3n de aguacate portainjertos para su \u00e1rea de cultivo \u00fanica","breadcrumb":{"@id":"https:\/\/canacado.com\/es\/canacado-buscar\/#breadcrumb"},"inLanguage":"es","potentialAction":[{"@type":"ReadAction","target":["https:\/\/canacado.com\/es\/canacado-buscar\/"]}]},{"@type":"BreadcrumbList","@id":"https:\/\/canacado.com\/es\/canacado-buscar\/#breadcrumb","itemListElement":[{"@type":"ListItem","position":1,"name":"Home","item":"https:\/\/canacado.com\/es\/"},{"@type":"ListItem","position":2,"name":"Canacado Search"}]},{"@type":"WebSite","@id":"https:\/\/canacado.com\/#website","url":"https:\/\/canacado.com\/","name":"Canacado","description":"Avocado Master Rootstocks","potentialAction":[{"@type":"SearchAction","target":{"@type":"EntryPoint","urlTemplate":"https:\/\/canacado.com\/?s={search_term_string}"},"query-input":{"@type":"PropertyValueSpecification","valueRequired":true,"valueName":"search_term_string"}}],"inLanguage":"es"}]}},"_links":{"self":[{"href":"https:\/\/canacado.com\/es\/wp-json\/wp\/v2\/pages\/560","targetHints":{"allow":["GET"]}}],"collection":[{"href":"https:\/\/canacado.com\/es\/wp-json\/wp\/v2\/pages"}],"about":[{"href":"https:\/\/canacado.com\/es\/wp-json\/wp\/v2\/types\/page"}],"author":[{"embeddable":true,"href":"https:\/\/canacado.com\/es\/wp-json\/wp\/v2\/users\/1"}],"replies":[{"embeddable":true,"href":"https:\/\/canacado.com\/es\/wp-json\/wp\/v2\/comments?post=560"}],"version-history":[{"count":3,"href":"https:\/\/canacado.com\/es\/wp-json\/wp\/v2\/pages\/560\/revisions"}],"predecessor-version":[{"id":1831,"href":"https:\/\/canacado.com\/es\/wp-json\/wp\/v2\/pages\/560\/revisions\/1831"}],"wp:attachment":[{"href":"https:\/\/canacado.com\/es\/wp-json\/wp\/v2\/media?parent=560"}],"curies":[{"name":"wp","href":"https:\/\/api.w.org\/{rel}","templated":true}]}}