{"id":1736,"date":"2021-03-20T14:02:43","date_gmt":"2021-03-20T14:02:43","guid":{"rendered":"https:\/\/canacado.com\/our-products\/"},"modified":"2021-03-22T07:57:40","modified_gmt":"2021-03-22T07:57:40","slug":"our-products","status":"publish","type":"page","link":"https:\/\/canacado.com\/es\/our-products\/","title":{"rendered":"Nuestros Productos"},"content":{"rendered":"<h2>General<\/h2> <p><strong>El vivero Haskelberg es uno de los viveros l\u00edderes del pa\u00eds en \u00e1rboles frutales y material vegetal.<\/strong><br \/> El vivero produce m\u00e1s de 200 especies de frutos para agricultores, jardineros, viveros y clientes particulares en el pa\u00eds y el extranjero.<br \/> Adem\u00e1s, el vivero se dedica a la exportaci\u00f3n de material vegetal de todo tipo para diversos proyectos y clientes en el mundo. El vivero cree en los proyectos a largo plazo y por lo tanto cada proyecto as\u00ed es acompa\u00f1ado por una reflexi\u00f3n conjunta con el cliente acerca de las necesidades en relaci\u00f3n con las condiciones del terreno (clima, agua, suelo, infraestructuras, comercializaci\u00f3n) con el objetivo de hallar la adaptaci\u00f3n \u00f3ptima para el proyecto.<\/p> <p>El env\u00edo del material vegetal comenzar\u00e1 al rellenar el cliente un cuestionario b\u00e1sico por medio del cual ser\u00e1 posible analizar la situaci\u00f3n existente y las etapas en el camino hasta alcanzar los objetivos del cliente. Cada proyecto es algo nuevo, todas las condiciones del terreno deben ser estudiadas en forma profesional en base a la experiencia pasada pero con un pensamiento creativo y cuidadoso respecto del futuro.<\/p> <p>Esta concepci\u00f3n es relevante en todo proyecto y particularmente en el proyecto de aguacate. \u00c9sa es la esencia de Canacado para nosotros. Una reserva de calidad de portainjertos de aguacate adaptadas a una variedad de condiciones que ser\u00e1n seleccionadas despu\u00e9s de un meticuloso an\u00e1lisis de las condiciones del terreno. En este sitio web se puede ver un ejemplo de un cuestionario preliminar y muy b\u00e1sico para entender las condiciones en el terreno. <a href=\"https:\/\/canacado.com\/es\/quiz\/\">Hagan clic aqu\u00ed para ver el cuestionario.<\/a><\/p> <h2>A continuaci\u00f3n presentamos una muestra de los tipos de productos que exportamos:<\/h2>  <table id=\"tablepress-4\" class=\"tablepress tablepress-id-4\"> <thead> <tr class=\"row-1\"> \t<th class=\"column-1\">Tipo de fruta<\/th><th class=\"column-2\">Material vegetal<\/th><th class=\"column-3\">Tipos<\/th><th class=\"column-4\"><strong>Detalles<\/strong><\/th> <\/tr> <\/thead> <tbody class=\"row-striping row-hover\"> <tr class=\"row-2\"> \t<td class=\"column-1\"><strong>Aguacate<\/strong><\/td><td class=\"column-2\">Semillas<\/td><td class=\"column-3\">Indio occidental, mexicanos <\/td><td class=\"column-4\">Sirven para crear injertos para sembrar.<\/td> <\/tr> <tr class=\"row-3\"> \t<td class=\"column-1\"><\/td><td class=\"column-2\"><img loading=\"lazy\" decoding=\"async\" src=\"https:\/\/canacado.com\/wp-content\/uploads\/2021\/03\/\u05ea\u05de\u05d5\u05e0\u05d4-\u05dc\u05d3\u05e3-\u05d4\u05de\u05d5\u05e6\u05e8\u05d9\u05dd5-150x150.jpg\" alt=\"\" width=\"150\" height=\"150\" class=\"aligncenter size-thumbnail wp-image-1766\" srcset=\"https:\/\/canacado.com\/wp-content\/uploads\/2021\/03\/\u05ea\u05de\u05d5\u05e0\u05d4-\u05dc\u05d3\u05e3-\u05d4\u05de\u05d5\u05e6\u05e8\u05d9\u05dd5-150x150.jpg 150w, https:\/\/canacado.com\/wp-content\/uploads\/2021\/03\/\u05ea\u05de\u05d5\u05e0\u05d4-\u05dc\u05d3\u05e3-\u05d4\u05de\u05d5\u05e6\u05e8\u05d9\u05dd5-84x84.jpg 84w\" sizes=\"auto, (max-width: 150px) 100vw, 150px\" \/><\/td><td class=\"column-3\"><\/td><td class=\"column-4\">Destinado a viveros o clientes con instalaciones de germinaci\u00f3n.<\/td> <\/tr> <tr class=\"row-4\"> \t<td class=\"column-1\"><\/td><td class=\"column-2\"><\/td><td class=\"column-3\"><\/td><td class=\"column-4\">Los tipos de semillas son de la reserva de injertos para sembrar que utiliza el vivero y se detalla tambi\u00e9n en este sitio web. Hagan <a href=\"https:\/\/canacado.com\/es\/canacado-search\/\">clic aqu\u00ed para la tabla de las reservas de injertos.<\/a><\/td> <\/tr> <tr class=\"row-5\"> \t<td class=\"column-1\"><strong>Aguacate<\/strong><\/td><td class=\"column-2\">Esquejes<br \/> <img loading=\"lazy\" decoding=\"async\" src=\"https:\/\/canacado.com\/wp-content\/uploads\/2021\/03\/\u05ea\u05de\u05d5\u05e0\u05d4-\u05dc\u05d3\u05e3-\u05de\u05d5\u05e6\u05e8\u05d9\u05dd-3-150x150.png\" alt=\"\" width=\"150\" height=\"150\" class=\"aligncenter size-thumbnail wp-image-1758\" srcset=\"https:\/\/canacado.com\/wp-content\/uploads\/2021\/03\/\u05ea\u05de\u05d5\u05e0\u05d4-\u05dc\u05d3\u05e3-\u05de\u05d5\u05e6\u05e8\u05d9\u05dd-3-150x150.png 150w, https:\/\/canacado.com\/wp-content\/uploads\/2021\/03\/\u05ea\u05de\u05d5\u05e0\u05d4-\u05dc\u05d3\u05e3-\u05de\u05d5\u05e6\u05e8\u05d9\u05dd-3-84x84.png 84w\" sizes=\"auto, (max-width: 150px) 100vw, 150px\" \/><\/td><td class=\"column-3\">Especies de aguacate<\/td><td class=\"column-4\">Nosotros exportamos ramas para injertar en el vivero de destino.<\/td> <\/tr> <tr class=\"row-6\"> \t<td class=\"column-1\"><\/td><td class=\"column-2\"><\/td><td class=\"column-3\"><\/td><td class=\"column-4\">El env\u00edo de las ramas para injertar es un env\u00edo delicado y requiere de un vivero profesional de continuaci\u00f3n en el sitio de destino que prepare los portainjertos de antemano.<\/td> <\/tr> <tr class=\"row-7\"> \t<td class=\"column-1\"><\/td><td class=\"column-2\"><\/td><td class=\"column-3\">Portainjertos Canacado<\/td><td class=\"column-4\">Es posible enviar especies comerciales comunes y\/o especies de patentes pertenecientes al vivero. Adem\u00e1s, a clientes autorizados que firmen un contrato espec\u00edfico con el vivero, se podr\u00e1 enviar ramas para injertar de los portainjertos Canacado nuestros con el objetivo de producir plantones madre para preparar plantones en forma independiente.<\/td> <\/tr> <tr class=\"row-8\"> \t<td class=\"column-1\"><strong>Aguacate<\/strong><\/td><td class=\"column-2\">Plantones<br \/> <img loading=\"lazy\" decoding=\"async\" src=\"https:\/\/canacado.com\/wp-content\/uploads\/2021\/03\/2bf48be8-fbbb-4b4b-8ae5-1557aeb86364-150x150.jpg\" alt=\"\" width=\"150\" height=\"150\" class=\"aligncenter size-thumbnail wp-image-1823\" srcset=\"https:\/\/canacado.com\/wp-content\/uploads\/2021\/03\/2bf48be8-fbbb-4b4b-8ae5-1557aeb86364-150x150.jpg 150w, https:\/\/canacado.com\/wp-content\/uploads\/2021\/03\/2bf48be8-fbbb-4b4b-8ae5-1557aeb86364-84x84.jpg 84w\" sizes=\"auto, (max-width: 150px) 100vw, 150px\" \/><\/td><td class=\"column-3\">Injertados en portainjertos sembrables o vegetativos de la marca Canacado<\/td><td class=\"column-4\">Al mercado local los plantones se venden en recipientes de 1 a 8 litros y a partir del 2021 vendemos tambi\u00e9n plantones de aguacate en bolsas degradables que permiten un sistema de ra\u00edces m\u00e1s fuerte y sano y una plantaci\u00f3n m\u00e1s f\u00e1cil en el terreno.<\/td> <\/tr> <tr class=\"row-9\"> \t<td class=\"column-1\"><\/td><td class=\"column-2\"><img loading=\"lazy\" decoding=\"async\" src=\"https:\/\/canacado.com\/wp-content\/uploads\/2021\/03\/146d0d59-f2ed-4af4-9fd9-c7e924f01f81-150x150.jpg\" alt=\"\" width=\"150\" height=\"150\" class=\"aligncenter size-thumbnail wp-image-1746\" srcset=\"https:\/\/canacado.com\/wp-content\/uploads\/2021\/03\/146d0d59-f2ed-4af4-9fd9-c7e924f01f81-150x150.jpg 150w, https:\/\/canacado.com\/wp-content\/uploads\/2021\/03\/146d0d59-f2ed-4af4-9fd9-c7e924f01f81-84x84.jpg 84w\" sizes=\"auto, (max-width: 150px) 100vw, 150px\" \/><\/td><td class=\"column-3\"><\/td><td class=\"column-4\">Para la exportaci\u00f3n, los plantones son enviados conforme a las exigencias fitosanitarias del pa\u00eds de destino.<\/td> <\/tr> <tr class=\"row-10\"> \t<td class=\"column-1\"><\/td><td class=\"column-2\"><img loading=\"lazy\" decoding=\"async\" src=\"https:\/\/canacado.com\/wp-content\/uploads\/2021\/03\/\u05ea\u05de\u05d5\u05e0\u05d4-\u05dc\u05d3\u05e3-\u05d4\u05de\u05d5\u05e6\u05e8\u05d9\u05dd-150x150.jpg\" alt=\"\" width=\"150\" height=\"150\" class=\"aligncenter size-thumbnail wp-image-1750\" srcset=\"https:\/\/canacado.com\/wp-content\/uploads\/2021\/03\/\u05ea\u05de\u05d5\u05e0\u05d4-\u05dc\u05d3\u05e3-\u05d4\u05de\u05d5\u05e6\u05e8\u05d9\u05dd-150x150.jpg 150w, https:\/\/canacado.com\/wp-content\/uploads\/2021\/03\/\u05ea\u05de\u05d5\u05e0\u05d4-\u05dc\u05d3\u05e3-\u05d4\u05de\u05d5\u05e6\u05e8\u05d9\u05dd-84x84.jpg 84w\" sizes=\"auto, (max-width: 150px) 100vw, 150px\" \/><\/td><td class=\"column-3\"><\/td><td class=\"column-4\">El tama\u00f1o del plant\u00f3n se determinar\u00e1 de acuerdo con el tipo de cliente (vivero de continuaci\u00f3n o plantaci\u00f3n directa en el terreno). Por lo general se env\u00eda en un recipiente de hasta 1 litro despu\u00e9s de un  m\u00ednimo de 6 meses de crecimiento en el vivero.<\/td> <\/tr> <tr class=\"row-11\"> \t<td class=\"column-1\"><strong>Aguacate<\/strong><\/td><td class=\"column-2\">Plantones micro<br \/> <img loading=\"lazy\" decoding=\"async\" src=\"https:\/\/canacado.com\/wp-content\/uploads\/2021\/03\/\u05ea\u05de\u05d5\u05e0\u05d4-\u05e9\u05ea\u05d9\u05dc\u05d9-\u05de\u05d9\u05e7\u05e8\u05d5-1-150x150.jpg\" alt=\"\" width=\"150\" height=\"150\" class=\"aligncenter size-thumbnail wp-image-1979\" srcset=\"https:\/\/canacado.com\/wp-content\/uploads\/2021\/03\/\u05ea\u05de\u05d5\u05e0\u05d4-\u05e9\u05ea\u05d9\u05dc\u05d9-\u05de\u05d9\u05e7\u05e8\u05d5-1-150x150.jpg 150w, https:\/\/canacado.com\/wp-content\/uploads\/2021\/03\/\u05ea\u05de\u05d5\u05e0\u05d4-\u05e9\u05ea\u05d9\u05dc\u05d9-\u05de\u05d9\u05e7\u05e8\u05d5-1-84x84.jpg 84w\" sizes=\"auto, (max-width: 150px) 100vw, 150px\" \/><\/td><td class=\"column-3\">Portainjertos Canacado<\/td><td class=\"column-4\">Una posibilidad apropiada para viveros de continuaci\u00f3n que lleven a cabo la aclimataci\u00f3n y la continuaci\u00f3n del crecimiento para plantones especialmente j\u00f3venes.<\/td> <\/tr> <tr class=\"row-12\"> \t<td class=\"column-1\"><\/td><td class=\"column-2\"><\/td><td class=\"column-3\">Plantones injertados<\/td><td class=\"column-4\"><\/td> <\/tr> <tr class=\"row-13\"> \t<td class=\"column-1\"><strong>Aguacate<\/strong><\/td><td class=\"column-2\">Cultivos de tejidos<\/td><td class=\"column-3\">Portainjertos Canacado<\/td><td class=\"column-4\">Pr\u00f3ximamente\u2026<\/td> <\/tr> <tr class=\"row-14\"> \t<td class=\"column-1\"><\/td><td class=\"column-2\"><\/td><td class=\"column-3\">Plantones injertados<\/td><td class=\"column-4\"><\/td> <\/tr> <tr class=\"row-15\"> \t<td class=\"column-1\"><strong>Especies adicionales<\/strong><\/td><td class=\"column-2\">Semillas, Esquejes, Plantones<\/td><td class=\"column-3\"><a href=\"https:\/\/mashtela.com\/catalog\/\" rel=\"noopener\" target=\"_blank\"> Enlace al cat\u00e1logo<\/a><\/td><td class=\"column-4\">Es posible enviar esquejes y ramas de una variedad de \u00e1rboles frutales que hay en el vivero para preparar plantones en el vivero de continuaci\u00f3n, o plantones listos para ser plantados en el terreno.<\/td> <\/tr> <tr class=\"row-16\"> \t<td class=\"column-1\"><strong>Acompa\u00f1amiento y asesoramiento<\/strong><\/td><td class=\"column-2\"><img loading=\"lazy\" decoding=\"async\" src=\"https:\/\/canacado.com\/wp-content\/uploads\/2021\/01\/haskelberg-logo-big-150x150.png\" alt=\"\" width=\"150\" height=\"150\" class=\"aligncenter size-thumbnail wp-image-338\" srcset=\"https:\/\/canacado.com\/wp-content\/uploads\/2021\/01\/haskelberg-logo-big-150x150.png 150w, https:\/\/canacado.com\/wp-content\/uploads\/2021\/01\/haskelberg-logo-big-84x84.png 84w\" sizes=\"auto, (max-width: 150px) 100vw, 150px\" \/><\/td><td class=\"column-3\"><\/td><td class=\"column-4\">El personal del vivero con la asistencia de profesionales de primera l\u00ednea en Israel act\u00faa tambi\u00e9n como equipo de acompa\u00f1amiento de proyectos en proceso de establecimiento o establecidos. Desde el acompa\u00f1amiento en el an\u00e1lisis de las condiciones del terreno y la adaptaci\u00f3n de los cultivos, acompa\u00f1amiento t\u00e9cnico en la planificaci\u00f3n del vivero o proyecto agr\u00edcola y acompa\u00f1amiento continuo en el mantenimiento del vivero y\/o las plantaciones.<\/td> <\/tr> <\/tbody> <\/table> <!-- #tablepress-4 from cache -->","protected":false},"excerpt":{"rendered":"<p>General El vivero Haskelberg es uno de los viveros l\u00edderes del pa\u00eds en \u00e1rboles frutales y material vegetal. El vivero produce m\u00e1s de 200 especies de frutos para agricultores, jardineros, viveros y clientes particulares en el pa\u00eds y el extranjero. Adem\u00e1s, el vivero se dedica a la exportaci\u00f3n de material vegetal de todo tipo para [&hellip;]<\/p>\n","protected":false},"author":4,"featured_media":0,"parent":0,"menu_order":0,"comment_status":"closed","ping_status":"closed","template":"","meta":{"_acf_changed":false,"footnotes":""},"class_list":["post-1736","page","type-page","status-publish","hentry"],"acf":[],"yoast_head":"<!-- This site is optimized with the Yoast SEO plugin v27.4 - https:\/\/yoast.com\/product\/yoast-seo-wordpress\/ -->\n<title>Nuestros Productos - Canacado<\/title>\n<meta name=\"description\" content=\"El vivero Haskelberg es uno de los viveros l\u00edderes del pa\u00eds en \u00e1rboles frutales y material vegetal.\" \/>\n<meta name=\"robots\" content=\"index, follow, max-snippet:-1, max-image-preview:large, max-video-preview:-1\" \/>\n<link rel=\"canonical\" href=\"https:\/\/canacado.com\/es\/our-products\/\" \/>\n<meta property=\"og:locale\" content=\"es_ES\" \/>\n<meta property=\"og:type\" content=\"article\" \/>\n<meta property=\"og:title\" content=\"Nuestros Productos - Canacado\" \/>\n<meta property=\"og:description\" content=\"El vivero Haskelberg es uno de los viveros l\u00edderes del pa\u00eds en \u00e1rboles frutales y material vegetal.\" \/>\n<meta property=\"og:url\" content=\"https:\/\/canacado.com\/es\/our-products\/\" \/>\n<meta property=\"og:site_name\" content=\"Canacado\" \/>\n<meta property=\"article:modified_time\" content=\"2021-03-22T07:57:40+00:00\" \/>\n<meta name=\"twitter:card\" content=\"summary_large_image\" \/>\n<meta name=\"twitter:label1\" content=\"Tiempo de lectura\" \/>\n\t<meta name=\"twitter:data1\" content=\"2 minutos\" \/>\n<script type=\"application\/ld+json\" class=\"yoast-schema-graph\">{\"@context\":\"https:\\\/\\\/schema.org\",\"@graph\":[{\"@type\":\"WebPage\",\"@id\":\"https:\\\/\\\/canacado.com\\\/es\\\/our-products\\\/\",\"url\":\"https:\\\/\\\/canacado.com\\\/es\\\/our-products\\\/\",\"name\":\"Nuestros Productos - Canacado\",\"isPartOf\":{\"@id\":\"https:\\\/\\\/canacado.com\\\/#website\"},\"datePublished\":\"2021-03-20T14:02:43+00:00\",\"dateModified\":\"2021-03-22T07:57:40+00:00\",\"description\":\"El vivero Haskelberg es uno de los viveros l\u00edderes del pa\u00eds en \u00e1rboles frutales y material vegetal.\",\"breadcrumb\":{\"@id\":\"https:\\\/\\\/canacado.com\\\/es\\\/our-products\\\/#breadcrumb\"},\"inLanguage\":\"es\",\"potentialAction\":[{\"@type\":\"ReadAction\",\"target\":[\"https:\\\/\\\/canacado.com\\\/es\\\/our-products\\\/\"]}]},{\"@type\":\"BreadcrumbList\",\"@id\":\"https:\\\/\\\/canacado.com\\\/es\\\/our-products\\\/#breadcrumb\",\"itemListElement\":[{\"@type\":\"ListItem\",\"position\":1,\"name\":\"Home\",\"item\":\"https:\\\/\\\/canacado.com\\\/es\\\/\"},{\"@type\":\"ListItem\",\"position\":2,\"name\":\"Nuestros Productos\"}]},{\"@type\":\"WebSite\",\"@id\":\"https:\\\/\\\/canacado.com\\\/#website\",\"url\":\"https:\\\/\\\/canacado.com\\\/\",\"name\":\"Canacado\",\"description\":\"Avocado Master Rootstocks\",\"potentialAction\":[{\"@type\":\"SearchAction\",\"target\":{\"@type\":\"EntryPoint\",\"urlTemplate\":\"https:\\\/\\\/canacado.com\\\/?s={search_term_string}\"},\"query-input\":{\"@type\":\"PropertyValueSpecification\",\"valueRequired\":true,\"valueName\":\"search_term_string\"}}],\"inLanguage\":\"es\"}]}<\/script>\n<!-- \/ Yoast SEO plugin. -->","yoast_head_json":{"title":"Nuestros Productos - Canacado","description":"El vivero Haskelberg es uno de los viveros l\u00edderes del pa\u00eds en \u00e1rboles frutales y material vegetal.","robots":{"index":"index","follow":"follow","max-snippet":"max-snippet:-1","max-image-preview":"max-image-preview:large","max-video-preview":"max-video-preview:-1"},"canonical":"https:\/\/canacado.com\/es\/our-products\/","og_locale":"es_ES","og_type":"article","og_title":"Nuestros Productos - Canacado","og_description":"El vivero Haskelberg es uno de los viveros l\u00edderes del pa\u00eds en \u00e1rboles frutales y material vegetal.","og_url":"https:\/\/canacado.com\/es\/our-products\/","og_site_name":"Canacado","article_modified_time":"2021-03-22T07:57:40+00:00","twitter_card":"summary_large_image","twitter_misc":{"Tiempo de lectura":"2 minutos"},"schema":{"@context":"https:\/\/schema.org","@graph":[{"@type":"WebPage","@id":"https:\/\/canacado.com\/es\/our-products\/","url":"https:\/\/canacado.com\/es\/our-products\/","name":"Nuestros Productos - Canacado","isPartOf":{"@id":"https:\/\/canacado.com\/#website"},"datePublished":"2021-03-20T14:02:43+00:00","dateModified":"2021-03-22T07:57:40+00:00","description":"El vivero Haskelberg es uno de los viveros l\u00edderes del pa\u00eds en \u00e1rboles frutales y material vegetal.","breadcrumb":{"@id":"https:\/\/canacado.com\/es\/our-products\/#breadcrumb"},"inLanguage":"es","potentialAction":[{"@type":"ReadAction","target":["https:\/\/canacado.com\/es\/our-products\/"]}]},{"@type":"BreadcrumbList","@id":"https:\/\/canacado.com\/es\/our-products\/#breadcrumb","itemListElement":[{"@type":"ListItem","position":1,"name":"Home","item":"https:\/\/canacado.com\/es\/"},{"@type":"ListItem","position":2,"name":"Nuestros Productos"}]},{"@type":"WebSite","@id":"https:\/\/canacado.com\/#website","url":"https:\/\/canacado.com\/","name":"Canacado","description":"Avocado Master Rootstocks","potentialAction":[{"@type":"SearchAction","target":{"@type":"EntryPoint","urlTemplate":"https:\/\/canacado.com\/?s={search_term_string}"},"query-input":{"@type":"PropertyValueSpecification","valueRequired":true,"valueName":"search_term_string"}}],"inLanguage":"es"}]}},"_links":{"self":[{"href":"https:\/\/canacado.com\/es\/wp-json\/wp\/v2\/pages\/1736","targetHints":{"allow":["GET"]}}],"collection":[{"href":"https:\/\/canacado.com\/es\/wp-json\/wp\/v2\/pages"}],"about":[{"href":"https:\/\/canacado.com\/es\/wp-json\/wp\/v2\/types\/page"}],"author":[{"embeddable":true,"href":"https:\/\/canacado.com\/es\/wp-json\/wp\/v2\/users\/4"}],"replies":[{"embeddable":true,"href":"https:\/\/canacado.com\/es\/wp-json\/wp\/v2\/comments?post=1736"}],"version-history":[{"count":4,"href":"https:\/\/canacado.com\/es\/wp-json\/wp\/v2\/pages\/1736\/revisions"}],"predecessor-version":[{"id":1803,"href":"https:\/\/canacado.com\/es\/wp-json\/wp\/v2\/pages\/1736\/revisions\/1803"}],"wp:attachment":[{"href":"https:\/\/canacado.com\/es\/wp-json\/wp\/v2\/media?parent=1736"}],"curies":[{"name":"wp","href":"https:\/\/api.w.org\/{rel}","templated":true}]}}