{"id":1314,"date":"2021-03-09T09:10:21","date_gmt":"2021-03-09T09:10:21","guid":{"rendered":"https:\/\/canacado.com\/?page_id=1314"},"modified":"2021-04-07T15:00:52","modified_gmt":"2021-04-07T15:00:52","slug":"the-nursery","status":"publish","type":"page","link":"https:\/\/canacado.com\/es\/the-nursery\/","title":{"rendered":"El vivero"},"content":{"rendered":"<h2>Conozcan el vivero Haskelberg<\/h2> <p>Los invitamos a conocer el vivero Haskelberg, la vivero m\u00e1s grande y m\u00e1s antiguo de Israel, que se especializa en \u00e1rboles frutales.<br \/> <iframe loading=\"lazy\" title=\"YouTube video player\" src=\"https:\/\/www.youtube.com\/embed\/vbOWAYeGM5k\" width=\"560\" height=\"315\" frameborder=\"0\" allowfullscreen=\"allowfullscreen\"><\/iframe><\/p> <h2>La historia del vivero<\/h2> <p>El vivero Haskelberg de \u00e1rboles frutales fue establecido en el a\u00f1o 1974 por el agr\u00f3nomo Avishai Haskelberg. En el vivero, que cubre 120 d\u00fanams en el moshav Kfar Vitkin, se producen m\u00e1s de 200 especies de \u00e1rboles frutales para el mercado local e internacional.<\/p> <h2><strong>\u00c1reas de producci\u00f3n del vivero:<\/strong><\/h2> <h3><strong>Plantones de aguacate para huertos<\/strong><\/h3> <p>Suministramos los plantones de aguacate en Israel y tambi\u00e9n exportamos plantones, semillas y conocimiento profesional a viveros y granjas agr\u00edcolas en Sud\u00e1frica, Am\u00e9rica y Asia.<\/p> <p>Ofrecemos una amplia variedad de especies y portainjertos de reproducci\u00f3n vegetativa y de semilla, adaptados a los tipos de suelo y resistentes a plagas bajo la marca del vivero CanaCado.<\/p> <p>El vivero es el representante exclusivo en Israel y en otros pa\u00edses de la compa\u00f1\u00eda mundial Westfalia y comercializa en su nombre plantas madre de variedades patentadas como Dusa y Gem.<\/p> <h3><strong>Plantones de \u00e1rboles frutales para el sector agr\u00edcola<\/strong><\/h3> <p>Estamos preparados para suministrar a pedido una amplia variedad de plantones de \u00e1rboles frutales subtropicales, caducifolios, c\u00edtricos, mediterr\u00e1neos y ex\u00f3ticos a escala comercial tanto para el mercado local como para exportaci\u00f3n. Hacemos todo lo necesario para asegurar a los productores variedades f\u00e9rtiles y de alta calidad, con una resistencia \u00f3ptima a plagas y condiciones del suelo, el agua y el clima.<\/p> <p><img loading=\"lazy\" decoding=\"async\" class=\"alignnone wp-image-59 size-full\" src=\"https:\/\/canacado.com\/wp-content\/uploads\/2021\/01\/lets-talk-section-bg.png\" alt=\"\" width=\"1920\" height=\"1006\" srcset=\"https:\/\/canacado.com\/wp-content\/uploads\/2021\/01\/lets-talk-section-bg.png 1920w, https:\/\/canacado.com\/wp-content\/uploads\/2021\/01\/lets-talk-section-bg-300x157.png 300w, https:\/\/canacado.com\/wp-content\/uploads\/2021\/01\/lets-talk-section-bg-1024x537.png 1024w, https:\/\/canacado.com\/wp-content\/uploads\/2021\/01\/lets-talk-section-bg-768x402.png 768w, https:\/\/canacado.com\/wp-content\/uploads\/2021\/01\/lets-talk-section-bg-1536x805.png 1536w, https:\/\/canacado.com\/wp-content\/uploads\/2021\/01\/lets-talk-section-bg-624x327.png 624w\" sizes=\"auto, (max-width: 1920px) 100vw, 1920px\" \/><\/p> <h2><strong>Operaciones internacionales<\/strong><\/h2> <p>Exportamos material vegetal a muchos pa\u00edses en todo el mundo, desde semillas y esquejes hasta plantones para una variedad de proyectos.<\/p> <p>Asimismo proporcionamos servicio de asesor\u00eda y acompa\u00f1amiento para la creaci\u00f3n de proyectos agr\u00edcolas en el mundo.<\/p> <p>Contamos con la experiencia requerida para evaluar el nivel de adecuaci\u00f3n de la planta a las condiciones ambientales locales, al igual que con el conocimiento y la experiencia en el proceso de exportaci\u00f3n:<\/p> <p>Cumplimiento de las normas de protecci\u00f3n de la flora, cuidado de la calidad del material vegetal durante el proceso y orientaci\u00f3n y gu\u00eda de los productores locales respecto del modo de aclimataci\u00f3n del plant\u00f3n al suelo.<\/p> <h2><strong>Actividad de I y R en el vivero:<\/strong><\/h2> <p>En el transcurso de decenas de a\u00f1os de actividad del vivero hemos invertido muchos recursos en investigaci\u00f3n y desarrollo de variedades y de t\u00e9cnicas de cultivo.<\/p> <p>Para ello, promovemos frecuentemente proyectos de experimentaci\u00f3n para desarrollar variedades y mejorar plantas madre y asimismo cooperamos con institutos de investigaci\u00f3n como el Instituto Vulcani, organizaciones agr\u00edcolas y empresas de alta tecnolog\u00eda.<\/p> <p>Entre estos proyectos se cuentan:<\/p> <p>Colaboraci\u00f3n en el desarrollo y el avance de variedades \u00fanicas con distribuci\u00f3n mundial de aguacate, caqui, lichi, guayaba, mango y otros.<\/p> <p>Desarrollo de portainjertos \u00a0tetraploides en aguacate y otros cultivos.<\/p> <p>Trabajo regular frente a los viveros l\u00edderes en el extranjero y representaci\u00f3n de la compa\u00f1\u00eda sudafricana Westfalia en Israel.<\/p> <p><strong>\u00a0<\/strong><\/p>","protected":false},"excerpt":{"rendered":"<p>Conozcan el vivero Haskelberg Los invitamos a conocer el vivero Haskelberg, la vivero m\u00e1s grande y m\u00e1s antiguo de Israel, que se especializa en \u00e1rboles frutales. La historia del vivero El vivero Haskelberg de \u00e1rboles frutales fue establecido en el a\u00f1o 1974 por el agr\u00f3nomo Avishai Haskelberg. En el vivero, que cubre 120 d\u00fanams en [&hellip;]<\/p>\n","protected":false},"author":3,"featured_media":0,"parent":0,"menu_order":0,"comment_status":"closed","ping_status":"closed","template":"","meta":{"_acf_changed":false,"footnotes":""},"class_list":["post-1314","page","type-page","status-publish","hentry"],"acf":[],"yoast_head":"<!-- This site is optimized with the Yoast SEO plugin v27.4 - https:\/\/yoast.com\/product\/yoast-seo-wordpress\/ -->\n<title>El vivero - Canacado<\/title>\n<meta name=\"robots\" content=\"index, follow, max-snippet:-1, max-image-preview:large, max-video-preview:-1\" \/>\n<link rel=\"canonical\" href=\"https:\/\/canacado.com\/es\/the-nursery\/\" \/>\n<meta property=\"og:locale\" content=\"es_ES\" \/>\n<meta property=\"og:type\" content=\"article\" \/>\n<meta property=\"og:title\" content=\"El vivero - Canacado\" \/>\n<meta property=\"og:description\" content=\"Conozcan el vivero Haskelberg Los invitamos a conocer el vivero Haskelberg, la vivero m\u00e1s grande y m\u00e1s antiguo de Israel, que se especializa en \u00e1rboles frutales. La historia del vivero El vivero Haskelberg de \u00e1rboles frutales fue establecido en el a\u00f1o 1974 por el agr\u00f3nomo Avishai Haskelberg. En el vivero, que cubre 120 d\u00fanams en [&hellip;]\" \/>\n<meta property=\"og:url\" content=\"https:\/\/canacado.com\/es\/the-nursery\/\" \/>\n<meta property=\"og:site_name\" content=\"Canacado\" \/>\n<meta property=\"article:modified_time\" content=\"2021-04-07T15:00:52+00:00\" \/>\n<meta property=\"og:image\" content=\"https:\/\/canacado.com\/wp-content\/uploads\/2021\/01\/lets-talk-section-bg.png\" \/>\n<meta name=\"twitter:card\" content=\"summary_large_image\" \/>\n<meta name=\"twitter:label1\" content=\"Tiempo de lectura\" \/>\n\t<meta name=\"twitter:data1\" content=\"3 minutos\" \/>\n<script type=\"application\/ld+json\" class=\"yoast-schema-graph\">{\"@context\":\"https:\\\/\\\/schema.org\",\"@graph\":[{\"@type\":\"WebPage\",\"@id\":\"https:\\\/\\\/canacado.com\\\/es\\\/the-nursery\\\/\",\"url\":\"https:\\\/\\\/canacado.com\\\/es\\\/the-nursery\\\/\",\"name\":\"El vivero - Canacado\",\"isPartOf\":{\"@id\":\"https:\\\/\\\/canacado.com\\\/#website\"},\"primaryImageOfPage\":{\"@id\":\"https:\\\/\\\/canacado.com\\\/es\\\/the-nursery\\\/#primaryimage\"},\"image\":{\"@id\":\"https:\\\/\\\/canacado.com\\\/es\\\/the-nursery\\\/#primaryimage\"},\"thumbnailUrl\":\"https:\\\/\\\/canacado.com\\\/wp-content\\\/uploads\\\/2021\\\/01\\\/lets-talk-section-bg.png\",\"datePublished\":\"2021-03-09T09:10:21+00:00\",\"dateModified\":\"2021-04-07T15:00:52+00:00\",\"breadcrumb\":{\"@id\":\"https:\\\/\\\/canacado.com\\\/es\\\/the-nursery\\\/#breadcrumb\"},\"inLanguage\":\"es\",\"potentialAction\":[{\"@type\":\"ReadAction\",\"target\":[\"https:\\\/\\\/canacado.com\\\/es\\\/the-nursery\\\/\"]}]},{\"@type\":\"ImageObject\",\"inLanguage\":\"es\",\"@id\":\"https:\\\/\\\/canacado.com\\\/es\\\/the-nursery\\\/#primaryimage\",\"url\":\"https:\\\/\\\/canacado.com\\\/wp-content\\\/uploads\\\/2021\\\/01\\\/lets-talk-section-bg.png\",\"contentUrl\":\"https:\\\/\\\/canacado.com\\\/wp-content\\\/uploads\\\/2021\\\/01\\\/lets-talk-section-bg.png\"},{\"@type\":\"BreadcrumbList\",\"@id\":\"https:\\\/\\\/canacado.com\\\/es\\\/the-nursery\\\/#breadcrumb\",\"itemListElement\":[{\"@type\":\"ListItem\",\"position\":1,\"name\":\"Home\",\"item\":\"https:\\\/\\\/canacado.com\\\/es\\\/\"},{\"@type\":\"ListItem\",\"position\":2,\"name\":\"El vivero\"}]},{\"@type\":\"WebSite\",\"@id\":\"https:\\\/\\\/canacado.com\\\/#website\",\"url\":\"https:\\\/\\\/canacado.com\\\/\",\"name\":\"Canacado\",\"description\":\"Avocado Master Rootstocks\",\"potentialAction\":[{\"@type\":\"SearchAction\",\"target\":{\"@type\":\"EntryPoint\",\"urlTemplate\":\"https:\\\/\\\/canacado.com\\\/?s={search_term_string}\"},\"query-input\":{\"@type\":\"PropertyValueSpecification\",\"valueRequired\":true,\"valueName\":\"search_term_string\"}}],\"inLanguage\":\"es\"}]}<\/script>\n<!-- \/ Yoast SEO plugin. -->","yoast_head_json":{"title":"El vivero - Canacado","robots":{"index":"index","follow":"follow","max-snippet":"max-snippet:-1","max-image-preview":"max-image-preview:large","max-video-preview":"max-video-preview:-1"},"canonical":"https:\/\/canacado.com\/es\/the-nursery\/","og_locale":"es_ES","og_type":"article","og_title":"El vivero - Canacado","og_description":"Conozcan el vivero Haskelberg Los invitamos a conocer el vivero Haskelberg, la vivero m\u00e1s grande y m\u00e1s antiguo de Israel, que se especializa en \u00e1rboles frutales. La historia del vivero El vivero Haskelberg de \u00e1rboles frutales fue establecido en el a\u00f1o 1974 por el agr\u00f3nomo Avishai Haskelberg. En el vivero, que cubre 120 d\u00fanams en [&hellip;]","og_url":"https:\/\/canacado.com\/es\/the-nursery\/","og_site_name":"Canacado","article_modified_time":"2021-04-07T15:00:52+00:00","og_image":[{"url":"https:\/\/canacado.com\/wp-content\/uploads\/2021\/01\/lets-talk-section-bg.png","type":"","width":"","height":""}],"twitter_card":"summary_large_image","twitter_misc":{"Tiempo de lectura":"3 minutos"},"schema":{"@context":"https:\/\/schema.org","@graph":[{"@type":"WebPage","@id":"https:\/\/canacado.com\/es\/the-nursery\/","url":"https:\/\/canacado.com\/es\/the-nursery\/","name":"El vivero - Canacado","isPartOf":{"@id":"https:\/\/canacado.com\/#website"},"primaryImageOfPage":{"@id":"https:\/\/canacado.com\/es\/the-nursery\/#primaryimage"},"image":{"@id":"https:\/\/canacado.com\/es\/the-nursery\/#primaryimage"},"thumbnailUrl":"https:\/\/canacado.com\/wp-content\/uploads\/2021\/01\/lets-talk-section-bg.png","datePublished":"2021-03-09T09:10:21+00:00","dateModified":"2021-04-07T15:00:52+00:00","breadcrumb":{"@id":"https:\/\/canacado.com\/es\/the-nursery\/#breadcrumb"},"inLanguage":"es","potentialAction":[{"@type":"ReadAction","target":["https:\/\/canacado.com\/es\/the-nursery\/"]}]},{"@type":"ImageObject","inLanguage":"es","@id":"https:\/\/canacado.com\/es\/the-nursery\/#primaryimage","url":"https:\/\/canacado.com\/wp-content\/uploads\/2021\/01\/lets-talk-section-bg.png","contentUrl":"https:\/\/canacado.com\/wp-content\/uploads\/2021\/01\/lets-talk-section-bg.png"},{"@type":"BreadcrumbList","@id":"https:\/\/canacado.com\/es\/the-nursery\/#breadcrumb","itemListElement":[{"@type":"ListItem","position":1,"name":"Home","item":"https:\/\/canacado.com\/es\/"},{"@type":"ListItem","position":2,"name":"El vivero"}]},{"@type":"WebSite","@id":"https:\/\/canacado.com\/#website","url":"https:\/\/canacado.com\/","name":"Canacado","description":"Avocado Master Rootstocks","potentialAction":[{"@type":"SearchAction","target":{"@type":"EntryPoint","urlTemplate":"https:\/\/canacado.com\/?s={search_term_string}"},"query-input":{"@type":"PropertyValueSpecification","valueRequired":true,"valueName":"search_term_string"}}],"inLanguage":"es"}]}},"_links":{"self":[{"href":"https:\/\/canacado.com\/es\/wp-json\/wp\/v2\/pages\/1314","targetHints":{"allow":["GET"]}}],"collection":[{"href":"https:\/\/canacado.com\/es\/wp-json\/wp\/v2\/pages"}],"about":[{"href":"https:\/\/canacado.com\/es\/wp-json\/wp\/v2\/types\/page"}],"author":[{"embeddable":true,"href":"https:\/\/canacado.com\/es\/wp-json\/wp\/v2\/users\/3"}],"replies":[{"embeddable":true,"href":"https:\/\/canacado.com\/es\/wp-json\/wp\/v2\/comments?post=1314"}],"version-history":[{"count":9,"href":"https:\/\/canacado.com\/es\/wp-json\/wp\/v2\/pages\/1314\/revisions"}],"predecessor-version":[{"id":2073,"href":"https:\/\/canacado.com\/es\/wp-json\/wp\/v2\/pages\/1314\/revisions\/2073"}],"wp:attachment":[{"href":"https:\/\/canacado.com\/es\/wp-json\/wp\/v2\/media?parent=1314"}],"curies":[{"name":"wp","href":"https:\/\/api.w.org\/{rel}","templated":true}]}}